{"id":815,"date":"2022-08-16T00:03:42","date_gmt":"2022-08-15T22:03:42","guid":{"rendered":"https:\/\/intras.cz\/?page_id=815"},"modified":"2022-09-12T21:12:40","modified_gmt":"2022-09-12T19:12:40","slug":"cookies-in-detail","status":"publish","type":"page","link":"https:\/\/intras.cz\/en\/cookies-in-detail\/","title":{"rendered":"Cookies in detail"},"content":{"rendered":"\n<h2 class=\"wp-block-heading\">Cookie Declaration<\/h2>\n\n\n\n<p>The law states that we can store files that are called cookies on your device if they are strictly necessary for the operation of this site.<\/p>\n\n\n\n<h3 class=\"wp-block-heading\">What are cookies?<\/h3>\n\n\n\n<p>Cookies are small data files that can be used by websites to make a user&#8217;s experience more efficient. Thanks to them websites remember your actions and save your settings, so you don\u2019t have to fill them in repeatedly. Cookies do not pose any danger, but they have a significance for privacy protection. Cookies cannot be used to figure out the identity of the website visitors or for misuse of sign in information.<\/p>\n\n\n\n<h3 class=\"wp-block-heading\">Which cookies do we use?&nbsp;&nbsp;&nbsp;&nbsp;&nbsp;&nbsp;&nbsp;&nbsp;&nbsp;&nbsp;&nbsp;&nbsp;&nbsp;<\/h3>\n\n\n\n<p>We use cookies for example for keeping the switch to PC version of the website on mobile devices, for keeping your preferences about looking though these websites, preferred languages or currency etc. You will get more detailed information if you contact the website\u2019s provider.<\/p>\n\n\n\n<p>We also use third-party cookies (f.e. Google Analytics for visitor tracking). These cookies can be used for advertising purposes in the form of remarketing on allied websites of these companies etc. These cookies are controlled by third parties and we do not have access to read or record this data.<\/p>\n\n\n\n<h3 class=\"wp-block-heading\">Essential cookies<\/h3>\n\n\n\n<p>These cookies are essential for our services and cannot be turned off. Usually, they are set up only in reaction to your actions, f.e. your preferred settings or Google reCAPTCHA.<\/p>\n\n\n\n<h3 class=\"wp-block-heading\">Analytical cookies<\/h3>\n\n\n\n<p>These cookies allow us to count visits and traffic, so we know which pages are the most popular and how our visitors use our website. All information that those cookies store is aggregated, therefore anonymous.<\/p>\n\n\n\n<h4 class=\"wp-block-heading\">We use these cookies:<\/h4>\n\n\n\n<p>Google Analytics (third party) \u2013 used for tracking the website\u2019s traffic and evaluating the visitor data.<\/p>\n\n\n\n<p><\/p>\n\n\n\n<h3 class=\"wp-block-heading\">Marketing cookies<\/h3>\n\n\n\n<p>When you accept the marketing cookies, you give us permission to place cookie files into your device. Those will provide you with content corresponding to your interests. They can be set up by us or by our advertising partners through our website. Their purpose is to create a profile of your interests and to show you relevant content on our websites and on third-party websites.<\/p>\n\n\n\n<h3 class=\"wp-block-heading\">We use these cookies:<\/h3>\n\n\n\n<p>Google ADS (third party) \u2013 used for advertising campaigns that identify interest in particular products.<\/p>\n\n\n\n<p>Sklik (third party) \u2013 used for advertising campaigns that identify interest in particular products.<\/p>\n\n\n\n<p>Facebook (third party) \u2013 used for advertising campaigns that identify interest in particular products.<\/p>\n\n\n\n<p>Glami PIXEL (third party) \u2013 used for advertising campaigns that identify interest in particular products.<\/p>\n\n\n\n<h3 class=\"wp-block-heading\">Cookie consent<\/h3>\n\n\n\n<p>Most browsers automatically accept cookies if the browser isn\u2019t set up differently. By using these websites you agree with storing cookie files on your device. You can at any time change or withdraw your consent from the Cookie Declaration in your browser settings. Information about concrete browser settings can be found here:<\/p>\n\n\n\n<p>Internet Explorer:&nbsp;<a href=\"https:\/\/windows.microsoft.com\/\">windows.microsoft.com<\/a><\/p>\n\n\n\n<p>Google Chrome:&nbsp;<a href=\"https:\/\/support.google.com\/\">support.google.com<\/a><\/p>\n\n\n\n<p>Mozilla Firefox:&nbsp;<a href=\"https:\/\/support.mozilla.org\/\">support.mozilla.org<\/a><\/p>\n\n\n\n<p>Opera:&nbsp;<a href=\"https:\/\/help.opera.com\/\">help.opera.com<\/a><\/p>\n\n\n\n<p>Safari:&nbsp;<a href=\"https:\/\/support.apple.com\/\">support.apple.com<\/a><\/p>\n\n\n\n<p><a href=\"https:\/\/intras.cz\/en\/personal-data-protection\/\">Conditions of personal data protection<\/a><\/p>\n","protected":false},"excerpt":{"rendered":"<p>Cookie Declaration The law states that we can store files that are called cookies on your device if they are strictly necessary for the operation of this site. What are cookies? Cookies are small data files that can be used by websites to make a user&#8217;s experience more efficient. Thanks to them websites remember your [&hellip;]<\/p>\n","protected":false},"author":1,"featured_media":0,"parent":0,"menu_order":0,"comment_status":"closed","ping_status":"closed","template":"","meta":{"footnotes":""},"class_list":["post-815","page","type-page","status-publish","hentry"],"yoast_head":"<!-- This site is optimized with the Yoast SEO plugin v22.7 - https:\/\/yoast.com\/wordpress\/plugins\/seo\/ -->\n<title>Cookies in detail - Intras Consulting a.s. | \u00da\u010detnictv\u00ed, mzdy, dan\u011b<\/title>\n<meta name=\"robots\" content=\"index, follow, max-snippet:-1, max-image-preview:large, max-video-preview:-1\" \/>\n<link rel=\"canonical\" href=\"https:\/\/intras.cz\/en\/cookies-in-detail\/\" \/>\n<meta property=\"og:locale\" content=\"en_US\" \/>\n<meta property=\"og:type\" content=\"article\" \/>\n<meta property=\"og:title\" content=\"Cookies in detail - Intras Consulting a.s. | \u00da\u010detnictv\u00ed, mzdy, dan\u011b\" \/>\n<meta property=\"og:description\" content=\"Cookie Declaration The law states that we can store files that are called cookies on your device if they are strictly necessary for the operation of this site. What are cookies? Cookies are small data files that can be used by websites to make a user&#8217;s experience more efficient. Thanks to them websites remember your [&hellip;]\" \/>\n<meta property=\"og:url\" content=\"https:\/\/intras.cz\/en\/cookies-in-detail\/\" \/>\n<meta property=\"og:site_name\" content=\"Intras Consulting a.s. | \u00da\u010detnictv\u00ed, mzdy, dan\u011b\" \/>\n<meta property=\"article:modified_time\" content=\"2022-09-12T19:12:40+00:00\" \/>\n<meta name=\"twitter:card\" content=\"summary_large_image\" \/>\n<meta name=\"twitter:label1\" content=\"Est. reading time\" \/>\n\t<meta name=\"twitter:data1\" content=\"3 minutes\" \/>\n<script type=\"application\/ld+json\" class=\"yoast-schema-graph\">{\"@context\":\"https:\/\/schema.org\",\"@graph\":[{\"@type\":\"WebPage\",\"@id\":\"https:\/\/intras.cz\/en\/cookies-in-detail\/\",\"url\":\"https:\/\/intras.cz\/en\/cookies-in-detail\/\",\"name\":\"Cookies in detail - Intras Consulting a.s. | \u00da\u010detnictv\u00ed, mzdy, dan\u011b\",\"isPartOf\":{\"@id\":\"https:\/\/intras.cz\/en\/#website\"},\"datePublished\":\"2022-08-15T22:03:42+00:00\",\"dateModified\":\"2022-09-12T19:12:40+00:00\",\"breadcrumb\":{\"@id\":\"https:\/\/intras.cz\/en\/cookies-in-detail\/#breadcrumb\"},\"inLanguage\":\"en-US\",\"potentialAction\":[{\"@type\":\"ReadAction\",\"target\":[\"https:\/\/intras.cz\/en\/cookies-in-detail\/\"]}]},{\"@type\":\"BreadcrumbList\",\"@id\":\"https:\/\/intras.cz\/en\/cookies-in-detail\/#breadcrumb\",\"itemListElement\":[{\"@type\":\"ListItem\",\"position\":1,\"name\":\"Dom\u016f\",\"item\":\"https:\/\/intras.cz\/en\/\"},{\"@type\":\"ListItem\",\"position\":2,\"name\":\"Cookies in detail\"}]},{\"@type\":\"WebSite\",\"@id\":\"https:\/\/intras.cz\/en\/#website\",\"url\":\"https:\/\/intras.cz\/en\/\",\"name\":\"Intras Consulting a.s. | \u00da\u010detnictv\u00ed, mzdy, dan\u011b\",\"description\":\"Spole\u010dnost pova\u017euje za sv\u00e9 posl\u00e1n\u00ed poskytovat vysoce kvalitn\u00ed zpracov\u00e1n\u00ed administrativn\u00edch \u00faloh za zlomek obvykl\u00e9 v\u00fd\u0161e n\u00e1klad\u016f na klientovy vlastn\u00ed zdroje.\",\"potentialAction\":[{\"@type\":\"SearchAction\",\"target\":{\"@type\":\"EntryPoint\",\"urlTemplate\":\"https:\/\/intras.cz\/en\/?s={search_term_string}\"},\"query-input\":\"required name=search_term_string\"}],\"inLanguage\":\"en-US\"}]}<\/script>\n<!-- \/ Yoast SEO plugin. -->","yoast_head_json":{"title":"Cookies in detail - Intras Consulting a.s. | \u00da\u010detnictv\u00ed, mzdy, dan\u011b","robots":{"index":"index","follow":"follow","max-snippet":"max-snippet:-1","max-image-preview":"max-image-preview:large","max-video-preview":"max-video-preview:-1"},"canonical":"https:\/\/intras.cz\/en\/cookies-in-detail\/","og_locale":"en_US","og_type":"article","og_title":"Cookies in detail - Intras Consulting a.s. | \u00da\u010detnictv\u00ed, mzdy, dan\u011b","og_description":"Cookie Declaration The law states that we can store files that are called cookies on your device if they are strictly necessary for the operation of this site. What are cookies? Cookies are small data files that can be used by websites to make a user&#8217;s experience more efficient. Thanks to them websites remember your [&hellip;]","og_url":"https:\/\/intras.cz\/en\/cookies-in-detail\/","og_site_name":"Intras Consulting a.s. | \u00da\u010detnictv\u00ed, mzdy, dan\u011b","article_modified_time":"2022-09-12T19:12:40+00:00","twitter_card":"summary_large_image","twitter_misc":{"Est. reading time":"3 minutes"},"schema":{"@context":"https:\/\/schema.org","@graph":[{"@type":"WebPage","@id":"https:\/\/intras.cz\/en\/cookies-in-detail\/","url":"https:\/\/intras.cz\/en\/cookies-in-detail\/","name":"Cookies in detail - Intras Consulting a.s. | \u00da\u010detnictv\u00ed, mzdy, dan\u011b","isPartOf":{"@id":"https:\/\/intras.cz\/en\/#website"},"datePublished":"2022-08-15T22:03:42+00:00","dateModified":"2022-09-12T19:12:40+00:00","breadcrumb":{"@id":"https:\/\/intras.cz\/en\/cookies-in-detail\/#breadcrumb"},"inLanguage":"en-US","potentialAction":[{"@type":"ReadAction","target":["https:\/\/intras.cz\/en\/cookies-in-detail\/"]}]},{"@type":"BreadcrumbList","@id":"https:\/\/intras.cz\/en\/cookies-in-detail\/#breadcrumb","itemListElement":[{"@type":"ListItem","position":1,"name":"Dom\u016f","item":"https:\/\/intras.cz\/en\/"},{"@type":"ListItem","position":2,"name":"Cookies in detail"}]},{"@type":"WebSite","@id":"https:\/\/intras.cz\/en\/#website","url":"https:\/\/intras.cz\/en\/","name":"Intras Consulting a.s. | \u00da\u010detnictv\u00ed, mzdy, dan\u011b","description":"Spole\u010dnost pova\u017euje za sv\u00e9 posl\u00e1n\u00ed poskytovat vysoce kvalitn\u00ed zpracov\u00e1n\u00ed administrativn\u00edch \u00faloh za zlomek obvykl\u00e9 v\u00fd\u0161e n\u00e1klad\u016f na klientovy vlastn\u00ed zdroje.","potentialAction":[{"@type":"SearchAction","target":{"@type":"EntryPoint","urlTemplate":"https:\/\/intras.cz\/en\/?s={search_term_string}"},"query-input":"required name=search_term_string"}],"inLanguage":"en-US"}]}},"_links":{"self":[{"href":"https:\/\/intras.cz\/en\/wp-json\/wp\/v2\/pages\/815","targetHints":{"allow":["GET"]}}],"collection":[{"href":"https:\/\/intras.cz\/en\/wp-json\/wp\/v2\/pages"}],"about":[{"href":"https:\/\/intras.cz\/en\/wp-json\/wp\/v2\/types\/page"}],"author":[{"embeddable":true,"href":"https:\/\/intras.cz\/en\/wp-json\/wp\/v2\/users\/1"}],"replies":[{"embeddable":true,"href":"https:\/\/intras.cz\/en\/wp-json\/wp\/v2\/comments?post=815"}],"version-history":[{"count":3,"href":"https:\/\/intras.cz\/en\/wp-json\/wp\/v2\/pages\/815\/revisions"}],"predecessor-version":[{"id":1047,"href":"https:\/\/intras.cz\/en\/wp-json\/wp\/v2\/pages\/815\/revisions\/1047"}],"wp:attachment":[{"href":"https:\/\/intras.cz\/en\/wp-json\/wp\/v2\/media?parent=815"}],"curies":[{"name":"wp","href":"https:\/\/api.w.org\/{rel}","templated":true}]}}