{"id":717,"date":"2022-08-15T23:14:50","date_gmt":"2022-08-15T21:14:50","guid":{"rendered":"https:\/\/intras.cz\/?page_id=717"},"modified":"2022-09-13T12:41:00","modified_gmt":"2022-09-13T10:41:00","slug":"about-us","status":"publish","type":"page","link":"https:\/\/intras.cz\/en\/about-us\/","title":{"rendered":"About us"},"content":{"rendered":"\n<div style=\"height:51px\" aria-hidden=\"true\" class=\"wp-block-spacer\"><\/div>\n\n\n<div class=\"row historie-list\"><div class=\"col-12 col-md-4 col-xl-3 historie-single\" id=\"historie-1036\"><div class=\"historie-text\"><h3 class=\"historie-title text-start\">Branch Office Ostrava<\/H3><div class=\"historie-content text-start\"><!-- wp:paragraph -->\n<p>We are proud that we are meeting our goals and expanding to other places in the Czech Republic.<\/p>\n<!-- \/wp:paragraph --><\/div><\/div> <div class=\"historie-year\">2022<\/div><\/div><div class=\"col-12 col-md-4 col-xl-3 historie-single\" id=\"historie-1034\"><div class=\"historie-text\"><h3 class=\"historie-title text-start\">We managed the Covid time<\/H3><div class=\"historie-content text-start\"><!-- wp:paragraph -->\n<p>We participate financially in helping those who needs it and are affected by the war.<\/p>\n<!-- \/wp:paragraph --><\/div><\/div> <div class=\"historie-year\">2022<\/div><\/div><div class=\"col-12 col-md-4 col-xl-3 historie-single\" id=\"historie-1032\"><div class=\"historie-text\"><h3 class=\"historie-title text-start\">We managed the Covid time<\/H3><div class=\"historie-content text-start\"><!-- wp:paragraph -->\n<p>We managed the Covid period in good health. Where needed, we adjusted our cooperation with client\u00b4s whose businesses were affected by CV19.<\/p>\n<!-- \/wp:paragraph --><\/div><\/div> <div class=\"historie-year\">2021<\/div><\/div><div class=\"col-12 col-md-4 col-xl-3 historie-single\" id=\"historie-1030\"><div class=\"historie-text\"><h3 class=\"historie-title text-start\">We create a partner network<\/H3><div class=\"historie-content text-start\"><!-- wp:paragraph -->\n<p>Through our international partner network, we provide or arrange accounting, tax and other services in a number of European and selected non-European destinations.<\/p>\n<!-- \/wp:paragraph --><\/div><\/div> <div class=\"historie-year\">2019<\/div><\/div><div class=\"col-12 col-md-4 col-xl-3 historie-single\" id=\"historie-1028\"><div class=\"historie-text\"><h3 class=\"historie-title text-start\">Veleslav\u00edn<\/H3><div class=\"historie-content text-start\"><!-- wp:paragraph -->\n<p>13 years later, we made a second move from B\u0159evnov to Veleslav\u00edn.<\/p>\n<!-- \/wp:paragraph --><\/div><\/div> <div class=\"historie-year\">2018<\/div><\/div><div class=\"col-12 col-md-4 col-xl-3 historie-single\" id=\"historie-1026\"><div class=\"historie-text\"><h3 class=\"historie-title text-start\">25th Birthday<\/H3><div class=\"historie-content text-start\"><!-- wp:paragraph -->\n<p>In October, together with our clients, we celebrated our 25th birthday in the amazing \u017dof\u00edn Palace. Among the guests of honour were S.N. Weston, cofounder of the company.<\/p>\n<!-- \/wp:paragraph --><\/div><\/div> <div class=\"historie-year\">2018<\/div><\/div><div class=\"col-12 col-md-4 col-xl-3 historie-single\" id=\"historie-1024\"><div class=\"historie-text\"><h3 class=\"historie-title text-start\">NYSE<\/H3><div class=\"historie-content text-start\"><!-- wp:paragraph -->\n<p>Intras Consulting acquires its first multinational corporate client listed on the NYSE.<\/p>\n<!-- \/wp:paragraph --><\/div><\/div> <div class=\"historie-year\">2006<\/div><\/div><div class=\"col-12 col-md-4 col-xl-3 historie-single\" id=\"historie-1020\"><div class=\"historie-text\"><h3 class=\"historie-title text-start\">ntras Consulting<\/H3><div class=\"historie-content text-start\"><!-- wp:paragraph -->\n<p>In 2005, the joint stock company was renamed Intras Consulting, a.s. and JUDr. Pavel \u0160varc, already at that time the sole shareholder, transferred to it all of his existing activities providing business services. With the growth of the company, the first relocation came after 12 years.<\/p>\n<!-- \/wp:paragraph --><\/div><\/div> <div class=\"historie-year\">2005<\/div><\/div><div class=\"col-12 col-md-4 col-xl-3 historie-single\" id=\"historie-1022\"><div class=\"historie-text\"><h3 class=\"historie-title text-start\">Branch Office Most<\/H3><div class=\"historie-content text-start\"><!-- wp:paragraph -->\n<p>Pavel \u0160varc is comming back to his home town and opens a branch office in Most.<\/p>\n<!-- \/wp:paragraph --><\/div><\/div> <div class=\"historie-year\">2005<\/div><\/div><div class=\"col-12 col-md-4 col-xl-3 historie-single\" id=\"historie-1018\"><div class=\"historie-text\"><h3 class=\"historie-title text-start\">Velk\u00e1 Brit\u00e1nie<\/H3><div class=\"historie-content text-start\"><!-- wp:paragraph -->\n<p>Cooperation with a British tax and accounting office begun.<\/p>\n<!-- \/wp:paragraph --><\/div><\/div> <div class=\"historie-year\">2003<\/div><\/div><div class=\"col-12 col-md-4 col-xl-3 historie-single\" id=\"historie-1016\"><div class=\"historie-text\"><h3 class=\"historie-title text-start\">Bonanza, a.s.<\/H3><div class=\"historie-content text-start\"><!-- wp:paragraph -->\n<p>In 1993, Bonanza, a.s, which operated Bingo gaming centres, was established in cooperation with S.N. Weston, a British business partner, and a children\u2019s home for children under 3 years of age.<\/p>\n<!-- \/wp:paragraph --><\/div><\/div> <div class=\"historie-year\">1993<\/div><\/div><div class=\"col-12 col-md-4 col-xl-3 historie-single\" id=\"historie-1014\"><div class=\"historie-text\"><h3 class=\"historie-title text-start\">Beginnings<\/H3><div class=\"historie-content text-start\"><!-- wp:paragraph -->\n<p>Business in the area of organisational and business consultancy began in March 1991 under JUDr. Pavel \u0160varc operating as an individual.<\/p>\n<!-- \/wp:paragraph --><\/div><\/div> <div class=\"historie-year\">1991<\/div><\/div><\/div>\n\n\n\n<div style=\"height:50px\" aria-hidden=\"true\" class=\"wp-block-spacer\"><\/div>\n\n\n\r\n\t\t<div  class=\"block-d6eb698e-358f-4294-898f-fdbe3e7e2b6c areoi-element container\">\r\n\t\t\t\r\n\t\t\t\n\r\n\t\t<div  class=\"block-1e63f90a-dde3-43e3-8a36-2234f3b7ec60 row areoi-element row-cols-4\">\r\n\t\t\t\r\n\r\n\t\t\t\n\r\n\t\t<div  class=\"block-1caf520b-3b1b-4ac0-a9d4-29fd1724af4e col areoi-element col-12 col-sm-6 col-md-3\">\r\n\t\t\t\r\n\t\t\t\n\n<div class=\"wp-block-ideabox-counter\"><div class=\"ib-counter-container\" style=\"text-align:center\"><div class=\"ib-counter\" style=\"font-size:36px\"><span class=\"ib-counter-number\" data-from-value=\"0\" data-to-value=\"369\" data-delimiter=\"none\" data-duration=\"2000\">0<\/span><span class=\"ib-counter-number-suffix\">+<\/span><\/div><div class=\"ib-counter-title\">Years of experience <\/div><\/div><\/div>\n\n \r\n\t\t\t\r\n\t\t<\/div>\r\n\t\n\n\r\n\t\t<div  class=\"block-205c211c-c257-4d5d-a024-0ed4cde8bf04 col areoi-element col-12 col-sm-6 col-md-3\">\r\n\t\t\t\r\n\t\t\t\n\n<div class=\"wp-block-ideabox-counter\"><div class=\"ib-counter-container\" style=\"text-align:center\"><div class=\"ib-counter\" style=\"font-size:36px\"><span class=\"ib-counter-number\" data-from-value=\"0\" data-to-value=\"22567\" data-delimiter=\"none\" data-duration=\"2000\">0<\/span><span class=\"ib-counter-number-suffix\">+<\/span><\/div><div class=\"ib-counter-title\">Number of tax returns submitted <\/div><\/div><\/div>\n\n \r\n\t\t\t\r\n\t\t<\/div>\r\n\t\n\n\r\n\t\t<div  class=\"block-13b5c4bb-d262-4b3c-bc94-27b5228912e6 col areoi-element col-12 col-sm-6 col-md-3\">\r\n\t\t\t\r\n\t\t\t\n\n<div class=\"wp-block-ideabox-counter\"><div class=\"ib-counter-container\" style=\"text-align:center\"><div class=\"ib-counter\" style=\"font-size:36px\"><span class=\"ib-counter-number\" data-from-value=\"0\" data-to-value=\"281364\" data-delimiter=\"none\" data-duration=\"2000\">0<\/span><span class=\"ib-counter-number-suffix\">+<\/span><\/div><div class=\"ib-counter-title\">Salaries processed<\/div><\/div><\/div>\n\n \r\n\t\t\t\r\n\t\t<\/div>\r\n\t\n\n\r\n\t\t<div  class=\"block-260129c9-4592-436d-89d8-2a1abb99ffea col areoi-element col-12 col-sm-6 col-md-3\">\r\n\t\t\t\r\n\t\t\t\n\n<div class=\"wp-block-ideabox-counter\"><div class=\"ib-counter-container\" style=\"text-align:center\"><div class=\"ib-counter\" style=\"font-size:36px\"><span class=\"ib-counter-number\" data-from-value=\"0\" data-to-value=\"340\" data-delimiter=\"none\" data-duration=\"2000\">0<\/span><span class=\"ib-counter-number-suffix\">+<\/span><\/div><div class=\"ib-counter-title\">Number of satisfied clients<\/div><\/div><\/div>\n\n \r\n\t\t\t\r\n\t\t<\/div>\r\n\t\n \r\n\t\t<\/div>\r\n\t\n \r\n\t\t<\/div>\r\n\t\n\n\n<div style=\"height:50px\" aria-hidden=\"true\" class=\"wp-block-spacer\"><\/div>\n\n\n\n<p>The company is registered at the Commercial Register maintained by the Municipal Court in Prague, Section B, Insert 2297. It was issued two trade licenses, namely for (i))accounting consultancy, bookkeeping, tax records, and (ii) business, financial, organisational and economic consultancy. In addition, in accordance with established practice, the tax advisory activity was registered in the Commercial Register, which the company performs on the basis of a notice from the Chamber of Tax Advisers of the Czech Republic.<\/p>\n\n\n\r\n\t\t<div  class=\"block-95e951d6-8326-4a3a-995d-dff406ab8e41 areoi-element container bg-grey-full zaverky\">\r\n\t\t\t\r\n\t\t\t\n\r\n\t\t<div  class=\"block-e6ebdd96-1f70-4655-b725-a4aadd7f7ed2 row areoi-element\">\r\n\t\t\t\r\n\r\n\t\t\t\n\r\n\t\t<div  class=\"block-a78366dd-b63f-4496-a1a6-f28bf4043b34 col areoi-element col-12\">\r\n\t\t\t\r\n\t\t\t\n\n<h2 class=\"wp-block-heading\">Mandatory data under the new Civil Code<\/h2>\n\n \r\n\t\t\t\r\n\t\t<\/div>\r\n\t\n\n\r\n\t\t<div  class=\"block-8bbef653-d8a7-4716-9594-c9fc79d075ad col areoi-element col-12\">\r\n\t\t\t\r\n\t\t\t\n\n<h3 class=\"wp-block-heading\">Financial statements<\/h3>\n\n \r\n\t\t\t\r\n\t\t<\/div>\r\n\t\n\n\r\n\t\t<div  class=\"block-04a53814-cd94-4b61-bfeb-dd698fe0f19e col areoi-element col-12 col-md-4 col-xl-3\">\r\n\t\t\t\r\n\t\t\t\n\n<p class=\"has-text-align-center\"><i class=\"fas fa-file-alt\"><\/i> <a href=\"https:\/\/intras.cz\/wp-content\/uploads\/2022\/09\/ICAS_Financial-Statements_2021.pdf\" target=\"_blank\" rel=\"noreferrer noopener\">Financial statements 2021<\/a><\/p>\n\n \r\n\t\t\t\r\n\t\t<\/div>\r\n\t\n\n\r\n\t\t<div  class=\"block-80b57498-8b20-418e-9e2c-a11c050802b7 col areoi-element col-12 col-md-4 col-xl-3\">\r\n\t\t\t\r\n\t\t\t\n\n<p class=\"has-text-align-center\"><i class=\"fas fa-file-alt\"><\/i> <a href=\"https:\/\/intras.cz\/wp-content\/uploads\/2022\/09\/ICAS_Financial-Statements_2020.pdf\" target=\"_blank\" rel=\"noreferrer noopener\">Financial statements 2020<\/a><\/p>\n\n \r\n\t\t\t\r\n\t\t<\/div>\r\n\t\n\n\r\n\t\t<div  class=\"block-50411ac5-6f98-4aa5-b960-706af481b841 col areoi-element col-12 col-md-4 col-xl-3\">\r\n\t\t\t\r\n\t\t\t\n\n<p class=\"has-text-align-center\"><i class=\"fas fa-file-alt\"><\/i> <a href=\"https:\/\/intras.cz\/wp-content\/uploads\/2022\/09\/ICAS_Financial-Statements_2019.pdf\" target=\"_blank\" rel=\"noreferrer noopener\">Financial statements 2019<\/a><\/p>\n\n \r\n\t\t\t\r\n\t\t<\/div>\r\n\t\n\n\r\n\t\t<div  class=\"block-bdd22d72-d85b-4e3e-8e95-cc7762654846 col areoi-element col-12 col-md-4 col-xl-3\">\r\n\t\t\t\r\n\t\t\t\n\n<p class=\"has-text-align-center\"><i class=\"fas fa-file-alt\"><\/i> <a href=\"https:\/\/intras.cz\/wp-content\/uploads\/2022\/09\/ICAS_Financial-Statements_2018.pdf\" target=\"_blank\" rel=\"noreferrer noopener\">Financial statements 2018<\/a><\/p>\n\n \r\n\t\t\t\r\n\t\t<\/div>\r\n\t\n\n\r\n\t\t<div  class=\"block-029efd27-3ca7-4512-9044-267f2624abbb col areoi-element col-12 col-md-4 col-xl-3\">\r\n\t\t\t\r\n\t\t\t\n\n<p class=\"has-text-align-center\"><i class=\"fas fa-file-alt\"><\/i> <a href=\"https:\/\/intras.cz\/wp-content\/uploads\/2022\/09\/ICAS_Financial-Statements_2017.pdf\" target=\"_blank\" rel=\"noreferrer noopener\">Financial statements 2017<\/a><\/p>\n\n \r\n\t\t\t\r\n\t\t<\/div>\r\n\t\n\n\r\n\t\t<div  class=\"block-2c38db37-83ef-44c4-8579-1259c0e64dc8 col areoi-element col-12 col-md-4 col-xl-3\">\r\n\t\t\t\r\n\t\t\t\n\n<p class=\"has-text-align-center\"><i class=\"fas fa-file-alt\"><\/i> <a href=\"https:\/\/intras.cz\/wp-content\/uploads\/2022\/09\/ICAS_Financial-Statements_2016.pdf\" target=\"_blank\" rel=\"noreferrer noopener\">Financial statements 2016<\/a><\/p>\n\n \r\n\t\t\t\r\n\t\t<\/div>\r\n\t\n \r\n\t\t<\/div>\r\n\t\n \r\n\t\t<\/div>\r\n\t\n\n\n<div style=\"height:51px\" aria-hidden=\"true\" class=\"wp-block-spacer\"><\/div>\n","protected":false},"excerpt":{"rendered":"<p>The company is registered at the Commercial Register maintained by the Municipal Court in Prague, Section B, Insert 2297. It was issued two trade licenses, namely for (i))accounting consultancy, bookkeeping, tax records, and (ii) business, financial, organisational and economic consultancy. In addition, in accordance with established practice, the tax advisory activity was registered in the [&hellip;]<\/p>\n","protected":false},"author":1,"featured_media":0,"parent":0,"menu_order":0,"comment_status":"closed","ping_status":"closed","template":"page-sluzby.php","meta":{"footnotes":""},"class_list":["post-717","page","type-page","status-publish","hentry"],"yoast_head":"<!-- This site is optimized with the Yoast SEO plugin v22.7 - https:\/\/yoast.com\/wordpress\/plugins\/seo\/ -->\n<title>About us - Intras Consulting a.s. | \u00da\u010detnictv\u00ed, mzdy, dan\u011b<\/title>\n<meta name=\"robots\" content=\"index, follow, max-snippet:-1, max-image-preview:large, max-video-preview:-1\" \/>\n<link rel=\"canonical\" href=\"https:\/\/intras.cz\/en\/about-us\/\" \/>\n<meta property=\"og:locale\" content=\"en_US\" \/>\n<meta property=\"og:type\" content=\"article\" \/>\n<meta property=\"og:title\" content=\"About us - Intras Consulting a.s. | \u00da\u010detnictv\u00ed, mzdy, dan\u011b\" \/>\n<meta property=\"og:description\" content=\"The company is registered at the Commercial Register maintained by the Municipal Court in Prague, Section B, Insert 2297. It was issued two trade licenses, namely for (i))accounting consultancy, bookkeeping, tax records, and (ii) business, financial, organisational and economic consultancy. In addition, in accordance with established practice, the tax advisory activity was registered in the [&hellip;]\" \/>\n<meta property=\"og:url\" content=\"https:\/\/intras.cz\/en\/about-us\/\" \/>\n<meta property=\"og:site_name\" content=\"Intras Consulting a.s. | \u00da\u010detnictv\u00ed, mzdy, dan\u011b\" \/>\n<meta property=\"article:modified_time\" content=\"2022-09-13T10:41:00+00:00\" \/>\n<meta name=\"twitter:card\" content=\"summary_large_image\" \/>\n<meta name=\"twitter:label1\" content=\"Est. reading time\" \/>\n\t<meta name=\"twitter:data1\" content=\"1 minute\" \/>\n<script type=\"application\/ld+json\" class=\"yoast-schema-graph\">{\"@context\":\"https:\/\/schema.org\",\"@graph\":[{\"@type\":\"WebPage\",\"@id\":\"https:\/\/intras.cz\/en\/about-us\/\",\"url\":\"https:\/\/intras.cz\/en\/about-us\/\",\"name\":\"About us - Intras Consulting a.s. | \u00da\u010detnictv\u00ed, mzdy, dan\u011b\",\"isPartOf\":{\"@id\":\"https:\/\/intras.cz\/en\/#website\"},\"datePublished\":\"2022-08-15T21:14:50+00:00\",\"dateModified\":\"2022-09-13T10:41:00+00:00\",\"breadcrumb\":{\"@id\":\"https:\/\/intras.cz\/en\/about-us\/#breadcrumb\"},\"inLanguage\":\"en-US\",\"potentialAction\":[{\"@type\":\"ReadAction\",\"target\":[\"https:\/\/intras.cz\/en\/about-us\/\"]}]},{\"@type\":\"BreadcrumbList\",\"@id\":\"https:\/\/intras.cz\/en\/about-us\/#breadcrumb\",\"itemListElement\":[{\"@type\":\"ListItem\",\"position\":1,\"name\":\"Dom\u016f\",\"item\":\"https:\/\/intras.cz\/en\/\"},{\"@type\":\"ListItem\",\"position\":2,\"name\":\"About us\"}]},{\"@type\":\"WebSite\",\"@id\":\"https:\/\/intras.cz\/en\/#website\",\"url\":\"https:\/\/intras.cz\/en\/\",\"name\":\"Intras Consulting a.s. | \u00da\u010detnictv\u00ed, mzdy, dan\u011b\",\"description\":\"Spole\u010dnost pova\u017euje za sv\u00e9 posl\u00e1n\u00ed poskytovat vysoce kvalitn\u00ed zpracov\u00e1n\u00ed administrativn\u00edch \u00faloh za zlomek obvykl\u00e9 v\u00fd\u0161e n\u00e1klad\u016f na klientovy vlastn\u00ed zdroje.\",\"potentialAction\":[{\"@type\":\"SearchAction\",\"target\":{\"@type\":\"EntryPoint\",\"urlTemplate\":\"https:\/\/intras.cz\/en\/?s={search_term_string}\"},\"query-input\":\"required name=search_term_string\"}],\"inLanguage\":\"en-US\"}]}<\/script>\n<!-- \/ Yoast SEO plugin. -->","yoast_head_json":{"title":"About us - Intras Consulting a.s. | \u00da\u010detnictv\u00ed, mzdy, dan\u011b","robots":{"index":"index","follow":"follow","max-snippet":"max-snippet:-1","max-image-preview":"max-image-preview:large","max-video-preview":"max-video-preview:-1"},"canonical":"https:\/\/intras.cz\/en\/about-us\/","og_locale":"en_US","og_type":"article","og_title":"About us - Intras Consulting a.s. | \u00da\u010detnictv\u00ed, mzdy, dan\u011b","og_description":"The company is registered at the Commercial Register maintained by the Municipal Court in Prague, Section B, Insert 2297. It was issued two trade licenses, namely for (i))accounting consultancy, bookkeeping, tax records, and (ii) business, financial, organisational and economic consultancy. In addition, in accordance with established practice, the tax advisory activity was registered in the [&hellip;]","og_url":"https:\/\/intras.cz\/en\/about-us\/","og_site_name":"Intras Consulting a.s. | \u00da\u010detnictv\u00ed, mzdy, dan\u011b","article_modified_time":"2022-09-13T10:41:00+00:00","twitter_card":"summary_large_image","twitter_misc":{"Est. reading time":"1 minute"},"schema":{"@context":"https:\/\/schema.org","@graph":[{"@type":"WebPage","@id":"https:\/\/intras.cz\/en\/about-us\/","url":"https:\/\/intras.cz\/en\/about-us\/","name":"About us - Intras Consulting a.s. | \u00da\u010detnictv\u00ed, mzdy, dan\u011b","isPartOf":{"@id":"https:\/\/intras.cz\/en\/#website"},"datePublished":"2022-08-15T21:14:50+00:00","dateModified":"2022-09-13T10:41:00+00:00","breadcrumb":{"@id":"https:\/\/intras.cz\/en\/about-us\/#breadcrumb"},"inLanguage":"en-US","potentialAction":[{"@type":"ReadAction","target":["https:\/\/intras.cz\/en\/about-us\/"]}]},{"@type":"BreadcrumbList","@id":"https:\/\/intras.cz\/en\/about-us\/#breadcrumb","itemListElement":[{"@type":"ListItem","position":1,"name":"Dom\u016f","item":"https:\/\/intras.cz\/en\/"},{"@type":"ListItem","position":2,"name":"About us"}]},{"@type":"WebSite","@id":"https:\/\/intras.cz\/en\/#website","url":"https:\/\/intras.cz\/en\/","name":"Intras Consulting a.s. | \u00da\u010detnictv\u00ed, mzdy, dan\u011b","description":"Spole\u010dnost pova\u017euje za sv\u00e9 posl\u00e1n\u00ed poskytovat vysoce kvalitn\u00ed zpracov\u00e1n\u00ed administrativn\u00edch \u00faloh za zlomek obvykl\u00e9 v\u00fd\u0161e n\u00e1klad\u016f na klientovy vlastn\u00ed zdroje.","potentialAction":[{"@type":"SearchAction","target":{"@type":"EntryPoint","urlTemplate":"https:\/\/intras.cz\/en\/?s={search_term_string}"},"query-input":"required name=search_term_string"}],"inLanguage":"en-US"}]}},"_links":{"self":[{"href":"https:\/\/intras.cz\/en\/wp-json\/wp\/v2\/pages\/717","targetHints":{"allow":["GET"]}}],"collection":[{"href":"https:\/\/intras.cz\/en\/wp-json\/wp\/v2\/pages"}],"about":[{"href":"https:\/\/intras.cz\/en\/wp-json\/wp\/v2\/types\/page"}],"author":[{"embeddable":true,"href":"https:\/\/intras.cz\/en\/wp-json\/wp\/v2\/users\/1"}],"replies":[{"embeddable":true,"href":"https:\/\/intras.cz\/en\/wp-json\/wp\/v2\/comments?post=717"}],"version-history":[{"count":28,"href":"https:\/\/intras.cz\/en\/wp-json\/wp\/v2\/pages\/717\/revisions"}],"predecessor-version":[{"id":1122,"href":"https:\/\/intras.cz\/en\/wp-json\/wp\/v2\/pages\/717\/revisions\/1122"}],"wp:attachment":[{"href":"https:\/\/intras.cz\/en\/wp-json\/wp\/v2\/media?parent=717"}],"curies":[{"name":"wp","href":"https:\/\/api.w.org\/{rel}","templated":true}]}}