{"id":499,"date":"2022-08-15T23:19:39","date_gmt":"2022-08-15T21:19:39","guid":{"rendered":"https:\/\/intras.cz\/?page_id=499"},"modified":"2022-09-07T18:56:56","modified_gmt":"2022-09-07T16:56:56","slug":"career","status":"publish","type":"page","link":"https:\/\/intras.cz\/en\/career\/","title":{"rendered":"Career"},"content":{"rendered":"<div class=\"wp-block-image\">\n<figure class=\"alignright size-large is-resized\"><img loading=\"lazy\" decoding=\"async\" src=\"https:\/\/intras.cz\/wp-content\/uploads\/2022\/09\/people-1979261_1920-1024x683.jpg\" alt=\"\" class=\"wp-image-450\" width=\"256\" height=\"171\" srcset=\"https:\/\/intras.cz\/wp-content\/uploads\/2022\/09\/people-1979261_1920-1024x683.jpg 1024w, https:\/\/intras.cz\/wp-content\/uploads\/2022\/09\/people-1979261_1920-300x200.jpg 300w, https:\/\/intras.cz\/wp-content\/uploads\/2022\/09\/people-1979261_1920-768x512.jpg 768w, https:\/\/intras.cz\/wp-content\/uploads\/2022\/09\/people-1979261_1920-1536x1024.jpg 1536w, https:\/\/intras.cz\/wp-content\/uploads\/2022\/09\/people-1979261_1920-255x170.jpg 255w, https:\/\/intras.cz\/wp-content\/uploads\/2022\/09\/people-1979261_1920-160x107.jpg 160w, https:\/\/intras.cz\/wp-content\/uploads\/2022\/09\/people-1979261_1920-480x320.jpg 480w, https:\/\/intras.cz\/wp-content\/uploads\/2022\/09\/people-1979261_1920.jpg 1920w\" sizes=\"auto, (max-width: 256px) 100vw, 256px\" \/><\/figure>\n<\/div>\n\n\n<h2 class=\"wp-block-heading\" style=\"font-size:25px\">Join our team.<\/h2>\n\n\n\n<p><\/p>\n\n\n\n<p><\/p>\n\n\n\n<p>A family business atmosphere, teamwork and a friendly environment are features of Intras Consulting. If you want to work on different projects, deepen your professional skills, use your language skills and extend your education, and if you really want to be involved in the growth of the company that employs you, send us your CV.<\/p>\n","protected":false},"excerpt":{"rendered":"<p>Join our team. A family business atmosphere, teamwork and a friendly environment are features of Intras Consulting. If you want to work on different projects, deepen your professional skills, use your language skills and extend your education, and if you really want to be involved in the growth of the company that employs you, send [&hellip;]<\/p>\n","protected":false},"author":1,"featured_media":0,"parent":0,"menu_order":0,"comment_status":"closed","ping_status":"closed","template":"","meta":{"footnotes":""},"class_list":["post-499","page","type-page","status-publish","hentry"],"yoast_head":"<!-- This site is optimized with the Yoast SEO plugin v22.7 - https:\/\/yoast.com\/wordpress\/plugins\/seo\/ -->\n<title>Career - Intras Consulting a.s. | \u00da\u010detnictv\u00ed, mzdy, dan\u011b<\/title>\n<meta name=\"robots\" content=\"index, follow, max-snippet:-1, max-image-preview:large, max-video-preview:-1\" \/>\n<link rel=\"canonical\" href=\"https:\/\/intras.cz\/en\/career\/\" \/>\n<meta property=\"og:locale\" content=\"en_US\" \/>\n<meta property=\"og:type\" content=\"article\" \/>\n<meta property=\"og:title\" content=\"Career - Intras Consulting a.s. | \u00da\u010detnictv\u00ed, mzdy, dan\u011b\" \/>\n<meta property=\"og:description\" content=\"Join our team. A family business atmosphere, teamwork and a friendly environment are features of Intras Consulting. If you want to work on different projects, deepen your professional skills, use your language skills and extend your education, and if you really want to be involved in the growth of the company that employs you, send [&hellip;]\" \/>\n<meta property=\"og:url\" content=\"https:\/\/intras.cz\/en\/career\/\" \/>\n<meta property=\"og:site_name\" content=\"Intras Consulting a.s. | \u00da\u010detnictv\u00ed, mzdy, dan\u011b\" \/>\n<meta property=\"article:modified_time\" content=\"2022-09-07T16:56:56+00:00\" \/>\n<meta property=\"og:image\" content=\"https:\/\/intras.cz\/wp-content\/uploads\/2022\/09\/people-1979261_1920-1024x683.jpg\" \/>\n<meta name=\"twitter:card\" content=\"summary_large_image\" \/>\n<meta name=\"twitter:label1\" content=\"Est. reading time\" \/>\n\t<meta name=\"twitter:data1\" content=\"1 minute\" \/>\n<script type=\"application\/ld+json\" class=\"yoast-schema-graph\">{\"@context\":\"https:\/\/schema.org\",\"@graph\":[{\"@type\":\"WebPage\",\"@id\":\"https:\/\/intras.cz\/en\/career\/\",\"url\":\"https:\/\/intras.cz\/en\/career\/\",\"name\":\"Career - Intras Consulting a.s. | \u00da\u010detnictv\u00ed, mzdy, dan\u011b\",\"isPartOf\":{\"@id\":\"https:\/\/intras.cz\/en\/#website\"},\"primaryImageOfPage\":{\"@id\":\"https:\/\/intras.cz\/en\/career\/#primaryimage\"},\"image\":{\"@id\":\"https:\/\/intras.cz\/en\/career\/#primaryimage\"},\"thumbnailUrl\":\"https:\/\/intras.cz\/wp-content\/uploads\/2022\/09\/people-1979261_1920-1024x683.jpg\",\"datePublished\":\"2022-08-15T21:19:39+00:00\",\"dateModified\":\"2022-09-07T16:56:56+00:00\",\"breadcrumb\":{\"@id\":\"https:\/\/intras.cz\/en\/career\/#breadcrumb\"},\"inLanguage\":\"en-US\",\"potentialAction\":[{\"@type\":\"ReadAction\",\"target\":[\"https:\/\/intras.cz\/en\/career\/\"]}]},{\"@type\":\"ImageObject\",\"inLanguage\":\"en-US\",\"@id\":\"https:\/\/intras.cz\/en\/career\/#primaryimage\",\"url\":\"https:\/\/intras.cz\/wp-content\/uploads\/2022\/09\/people-1979261_1920-1024x683.jpg\",\"contentUrl\":\"https:\/\/intras.cz\/wp-content\/uploads\/2022\/09\/people-1979261_1920-1024x683.jpg\"},{\"@type\":\"BreadcrumbList\",\"@id\":\"https:\/\/intras.cz\/en\/career\/#breadcrumb\",\"itemListElement\":[{\"@type\":\"ListItem\",\"position\":1,\"name\":\"Dom\u016f\",\"item\":\"https:\/\/intras.cz\/en\/\"},{\"@type\":\"ListItem\",\"position\":2,\"name\":\"Career\"}]},{\"@type\":\"WebSite\",\"@id\":\"https:\/\/intras.cz\/en\/#website\",\"url\":\"https:\/\/intras.cz\/en\/\",\"name\":\"Intras Consulting a.s. | \u00da\u010detnictv\u00ed, mzdy, dan\u011b\",\"description\":\"Spole\u010dnost pova\u017euje za sv\u00e9 posl\u00e1n\u00ed poskytovat vysoce kvalitn\u00ed zpracov\u00e1n\u00ed administrativn\u00edch \u00faloh za zlomek obvykl\u00e9 v\u00fd\u0161e n\u00e1klad\u016f na klientovy vlastn\u00ed zdroje.\",\"potentialAction\":[{\"@type\":\"SearchAction\",\"target\":{\"@type\":\"EntryPoint\",\"urlTemplate\":\"https:\/\/intras.cz\/en\/?s={search_term_string}\"},\"query-input\":\"required name=search_term_string\"}],\"inLanguage\":\"en-US\"}]}<\/script>\n<!-- \/ Yoast SEO plugin. -->","yoast_head_json":{"title":"Career - Intras Consulting a.s. | \u00da\u010detnictv\u00ed, mzdy, dan\u011b","robots":{"index":"index","follow":"follow","max-snippet":"max-snippet:-1","max-image-preview":"max-image-preview:large","max-video-preview":"max-video-preview:-1"},"canonical":"https:\/\/intras.cz\/en\/career\/","og_locale":"en_US","og_type":"article","og_title":"Career - Intras Consulting a.s. | \u00da\u010detnictv\u00ed, mzdy, dan\u011b","og_description":"Join our team. A family business atmosphere, teamwork and a friendly environment are features of Intras Consulting. If you want to work on different projects, deepen your professional skills, use your language skills and extend your education, and if you really want to be involved in the growth of the company that employs you, send [&hellip;]","og_url":"https:\/\/intras.cz\/en\/career\/","og_site_name":"Intras Consulting a.s. | \u00da\u010detnictv\u00ed, mzdy, dan\u011b","article_modified_time":"2022-09-07T16:56:56+00:00","og_image":[{"url":"https:\/\/intras.cz\/wp-content\/uploads\/2022\/09\/people-1979261_1920-1024x683.jpg"}],"twitter_card":"summary_large_image","twitter_misc":{"Est. reading time":"1 minute"},"schema":{"@context":"https:\/\/schema.org","@graph":[{"@type":"WebPage","@id":"https:\/\/intras.cz\/en\/career\/","url":"https:\/\/intras.cz\/en\/career\/","name":"Career - Intras Consulting a.s. | \u00da\u010detnictv\u00ed, mzdy, dan\u011b","isPartOf":{"@id":"https:\/\/intras.cz\/en\/#website"},"primaryImageOfPage":{"@id":"https:\/\/intras.cz\/en\/career\/#primaryimage"},"image":{"@id":"https:\/\/intras.cz\/en\/career\/#primaryimage"},"thumbnailUrl":"https:\/\/intras.cz\/wp-content\/uploads\/2022\/09\/people-1979261_1920-1024x683.jpg","datePublished":"2022-08-15T21:19:39+00:00","dateModified":"2022-09-07T16:56:56+00:00","breadcrumb":{"@id":"https:\/\/intras.cz\/en\/career\/#breadcrumb"},"inLanguage":"en-US","potentialAction":[{"@type":"ReadAction","target":["https:\/\/intras.cz\/en\/career\/"]}]},{"@type":"ImageObject","inLanguage":"en-US","@id":"https:\/\/intras.cz\/en\/career\/#primaryimage","url":"https:\/\/intras.cz\/wp-content\/uploads\/2022\/09\/people-1979261_1920-1024x683.jpg","contentUrl":"https:\/\/intras.cz\/wp-content\/uploads\/2022\/09\/people-1979261_1920-1024x683.jpg"},{"@type":"BreadcrumbList","@id":"https:\/\/intras.cz\/en\/career\/#breadcrumb","itemListElement":[{"@type":"ListItem","position":1,"name":"Dom\u016f","item":"https:\/\/intras.cz\/en\/"},{"@type":"ListItem","position":2,"name":"Career"}]},{"@type":"WebSite","@id":"https:\/\/intras.cz\/en\/#website","url":"https:\/\/intras.cz\/en\/","name":"Intras Consulting a.s. | \u00da\u010detnictv\u00ed, mzdy, dan\u011b","description":"Spole\u010dnost pova\u017euje za sv\u00e9 posl\u00e1n\u00ed poskytovat vysoce kvalitn\u00ed zpracov\u00e1n\u00ed administrativn\u00edch \u00faloh za zlomek obvykl\u00e9 v\u00fd\u0161e n\u00e1klad\u016f na klientovy vlastn\u00ed zdroje.","potentialAction":[{"@type":"SearchAction","target":{"@type":"EntryPoint","urlTemplate":"https:\/\/intras.cz\/en\/?s={search_term_string}"},"query-input":"required name=search_term_string"}],"inLanguage":"en-US"}]}},"_links":{"self":[{"href":"https:\/\/intras.cz\/en\/wp-json\/wp\/v2\/pages\/499","targetHints":{"allow":["GET"]}}],"collection":[{"href":"https:\/\/intras.cz\/en\/wp-json\/wp\/v2\/pages"}],"about":[{"href":"https:\/\/intras.cz\/en\/wp-json\/wp\/v2\/types\/page"}],"author":[{"embeddable":true,"href":"https:\/\/intras.cz\/en\/wp-json\/wp\/v2\/users\/1"}],"replies":[{"embeddable":true,"href":"https:\/\/intras.cz\/en\/wp-json\/wp\/v2\/comments?post=499"}],"version-history":[{"count":8,"href":"https:\/\/intras.cz\/en\/wp-json\/wp\/v2\/pages\/499\/revisions"}],"predecessor-version":[{"id":708,"href":"https:\/\/intras.cz\/en\/wp-json\/wp\/v2\/pages\/499\/revisions\/708"}],"wp:attachment":[{"href":"https:\/\/intras.cz\/en\/wp-json\/wp\/v2\/media?parent=499"}],"curies":[{"name":"wp","href":"https:\/\/api.w.org\/{rel}","templated":true}]}}