{"id":493,"date":"2022-08-09T15:49:18","date_gmt":"2022-08-09T13:49:18","guid":{"rendered":"https:\/\/intras.cz\/?page_id=493"},"modified":"2022-09-09T15:01:46","modified_gmt":"2022-09-09T13:01:46","slug":"intrastat","status":"publish","type":"page","link":"https:\/\/intras.cz\/en\/services\/intrastat\/","title":{"rendered":"Intrastat"},"content":{"rendered":"\n<p>Not only do we monitor our clients\u2019 reporting limits for Intrastat reporting, we then process the reports efficiently and deal as required with all negotiations with the customs office.<\/p>\n\n\n\r\n\t\t<div  class=\"block-f43171bc-1aae-4763-a795-e4ab1539f753 col areoi-element text-center col-12 col-sm-12 col-md-12 col-lg-12 col-xl-12 col-xxl-12\">\r\n\t\t\t\r\n\t\t\t\n\r\n\t\t\t\t\r\n\t\t<a \r\n\t\t\t\r\n\t\t\tclass=\"block-7bee7b27-8a22-4a6d-87f2-1feaae6cce7c btn areoi-has-url position-relative blue-button btn-primary btn-lg\"\r\n\t href=\"\/en\/services\/\" >\r\n\t\t\t\t\t\r\n\t\t\t\t\tView more services \r\n\t\t\t\t\t\r\n\t\t\t\t\t \r\n\t\t\t\t<\/a>\r\n\t\t\t\n \r\n\t\t\t\r\n\t\t<\/div>\r\n\t","protected":false},"excerpt":{"rendered":"<p>Not only do we monitor our clients\u2019 reporting limits for Intrastat reporting, we then process the reports efficiently and deal as required with all negotiations with the customs office.<\/p>\n","protected":false},"author":1,"featured_media":0,"parent":407,"menu_order":100,"comment_status":"closed","ping_status":"closed","template":"page-sluzby.php","meta":{"footnotes":""},"class_list":["post-493","page","type-page","status-publish","hentry"],"yoast_head":"<!-- This site is optimized with the Yoast SEO plugin v22.7 - https:\/\/yoast.com\/wordpress\/plugins\/seo\/ -->\n<title>Intrastat - Intras Consulting a.s. | \u00da\u010detnictv\u00ed, mzdy, dan\u011b<\/title>\n<meta name=\"robots\" content=\"index, follow, max-snippet:-1, max-image-preview:large, max-video-preview:-1\" \/>\n<link rel=\"canonical\" href=\"https:\/\/intras.cz\/en\/services\/intrastat\/\" \/>\n<meta property=\"og:locale\" content=\"en_US\" \/>\n<meta property=\"og:type\" content=\"article\" \/>\n<meta property=\"og:title\" content=\"Intrastat - Intras Consulting a.s. | \u00da\u010detnictv\u00ed, mzdy, dan\u011b\" \/>\n<meta property=\"og:description\" content=\"Not only do we monitor our clients\u2019 reporting limits for Intrastat reporting, we then process the reports efficiently and deal as required with all negotiations with the customs office.\" \/>\n<meta property=\"og:url\" content=\"https:\/\/intras.cz\/en\/services\/intrastat\/\" \/>\n<meta property=\"og:site_name\" content=\"Intras Consulting a.s. | \u00da\u010detnictv\u00ed, mzdy, dan\u011b\" \/>\n<meta property=\"article:modified_time\" content=\"2022-09-09T13:01:46+00:00\" \/>\n<meta name=\"twitter:card\" content=\"summary_large_image\" \/>\n<meta name=\"twitter:label1\" content=\"Est. reading time\" \/>\n\t<meta name=\"twitter:data1\" content=\"1 minute\" \/>\n<script type=\"application\/ld+json\" class=\"yoast-schema-graph\">{\"@context\":\"https:\/\/schema.org\",\"@graph\":[{\"@type\":\"WebPage\",\"@id\":\"https:\/\/intras.cz\/en\/services\/intrastat\/\",\"url\":\"https:\/\/intras.cz\/en\/services\/intrastat\/\",\"name\":\"Intrastat - Intras Consulting a.s. | \u00da\u010detnictv\u00ed, mzdy, dan\u011b\",\"isPartOf\":{\"@id\":\"https:\/\/intras.cz\/en\/#website\"},\"datePublished\":\"2022-08-09T13:49:18+00:00\",\"dateModified\":\"2022-09-09T13:01:46+00:00\",\"breadcrumb\":{\"@id\":\"https:\/\/intras.cz\/en\/services\/intrastat\/#breadcrumb\"},\"inLanguage\":\"en-US\",\"potentialAction\":[{\"@type\":\"ReadAction\",\"target\":[\"https:\/\/intras.cz\/en\/services\/intrastat\/\"]}]},{\"@type\":\"BreadcrumbList\",\"@id\":\"https:\/\/intras.cz\/en\/services\/intrastat\/#breadcrumb\",\"itemListElement\":[{\"@type\":\"ListItem\",\"position\":1,\"name\":\"Dom\u016f\",\"item\":\"https:\/\/intras.cz\/en\/\"},{\"@type\":\"ListItem\",\"position\":2,\"name\":\"Services\",\"item\":\"https:\/\/intras.cz\/en\/services\/\"},{\"@type\":\"ListItem\",\"position\":3,\"name\":\"Intrastat\"}]},{\"@type\":\"WebSite\",\"@id\":\"https:\/\/intras.cz\/en\/#website\",\"url\":\"https:\/\/intras.cz\/en\/\",\"name\":\"Intras Consulting a.s. | \u00da\u010detnictv\u00ed, mzdy, dan\u011b\",\"description\":\"Spole\u010dnost pova\u017euje za sv\u00e9 posl\u00e1n\u00ed poskytovat vysoce kvalitn\u00ed zpracov\u00e1n\u00ed administrativn\u00edch \u00faloh za zlomek obvykl\u00e9 v\u00fd\u0161e n\u00e1klad\u016f na klientovy vlastn\u00ed zdroje.\",\"potentialAction\":[{\"@type\":\"SearchAction\",\"target\":{\"@type\":\"EntryPoint\",\"urlTemplate\":\"https:\/\/intras.cz\/en\/?s={search_term_string}\"},\"query-input\":\"required name=search_term_string\"}],\"inLanguage\":\"en-US\"}]}<\/script>\n<!-- \/ Yoast SEO plugin. -->","yoast_head_json":{"title":"Intrastat - Intras Consulting a.s. | \u00da\u010detnictv\u00ed, mzdy, dan\u011b","robots":{"index":"index","follow":"follow","max-snippet":"max-snippet:-1","max-image-preview":"max-image-preview:large","max-video-preview":"max-video-preview:-1"},"canonical":"https:\/\/intras.cz\/en\/services\/intrastat\/","og_locale":"en_US","og_type":"article","og_title":"Intrastat - Intras Consulting a.s. | \u00da\u010detnictv\u00ed, mzdy, dan\u011b","og_description":"Not only do we monitor our clients\u2019 reporting limits for Intrastat reporting, we then process the reports efficiently and deal as required with all negotiations with the customs office.","og_url":"https:\/\/intras.cz\/en\/services\/intrastat\/","og_site_name":"Intras Consulting a.s. | \u00da\u010detnictv\u00ed, mzdy, dan\u011b","article_modified_time":"2022-09-09T13:01:46+00:00","twitter_card":"summary_large_image","twitter_misc":{"Est. reading time":"1 minute"},"schema":{"@context":"https:\/\/schema.org","@graph":[{"@type":"WebPage","@id":"https:\/\/intras.cz\/en\/services\/intrastat\/","url":"https:\/\/intras.cz\/en\/services\/intrastat\/","name":"Intrastat - Intras Consulting a.s. | \u00da\u010detnictv\u00ed, mzdy, dan\u011b","isPartOf":{"@id":"https:\/\/intras.cz\/en\/#website"},"datePublished":"2022-08-09T13:49:18+00:00","dateModified":"2022-09-09T13:01:46+00:00","breadcrumb":{"@id":"https:\/\/intras.cz\/en\/services\/intrastat\/#breadcrumb"},"inLanguage":"en-US","potentialAction":[{"@type":"ReadAction","target":["https:\/\/intras.cz\/en\/services\/intrastat\/"]}]},{"@type":"BreadcrumbList","@id":"https:\/\/intras.cz\/en\/services\/intrastat\/#breadcrumb","itemListElement":[{"@type":"ListItem","position":1,"name":"Dom\u016f","item":"https:\/\/intras.cz\/en\/"},{"@type":"ListItem","position":2,"name":"Services","item":"https:\/\/intras.cz\/en\/services\/"},{"@type":"ListItem","position":3,"name":"Intrastat"}]},{"@type":"WebSite","@id":"https:\/\/intras.cz\/en\/#website","url":"https:\/\/intras.cz\/en\/","name":"Intras Consulting a.s. | \u00da\u010detnictv\u00ed, mzdy, dan\u011b","description":"Spole\u010dnost pova\u017euje za sv\u00e9 posl\u00e1n\u00ed poskytovat vysoce kvalitn\u00ed zpracov\u00e1n\u00ed administrativn\u00edch \u00faloh za zlomek obvykl\u00e9 v\u00fd\u0161e n\u00e1klad\u016f na klientovy vlastn\u00ed zdroje.","potentialAction":[{"@type":"SearchAction","target":{"@type":"EntryPoint","urlTemplate":"https:\/\/intras.cz\/en\/?s={search_term_string}"},"query-input":"required name=search_term_string"}],"inLanguage":"en-US"}]}},"_links":{"self":[{"href":"https:\/\/intras.cz\/en\/wp-json\/wp\/v2\/pages\/493","targetHints":{"allow":["GET"]}}],"collection":[{"href":"https:\/\/intras.cz\/en\/wp-json\/wp\/v2\/pages"}],"about":[{"href":"https:\/\/intras.cz\/en\/wp-json\/wp\/v2\/types\/page"}],"author":[{"embeddable":true,"href":"https:\/\/intras.cz\/en\/wp-json\/wp\/v2\/users\/1"}],"replies":[{"embeddable":true,"href":"https:\/\/intras.cz\/en\/wp-json\/wp\/v2\/comments?post=493"}],"version-history":[{"count":4,"href":"https:\/\/intras.cz\/en\/wp-json\/wp\/v2\/pages\/493\/revisions"}],"predecessor-version":[{"id":889,"href":"https:\/\/intras.cz\/en\/wp-json\/wp\/v2\/pages\/493\/revisions\/889"}],"up":[{"embeddable":true,"href":"https:\/\/intras.cz\/en\/wp-json\/wp\/v2\/pages\/407"}],"wp:attachment":[{"href":"https:\/\/intras.cz\/en\/wp-json\/wp\/v2\/media?parent=493"}],"curies":[{"name":"wp","href":"https:\/\/api.w.org\/{rel}","templated":true}]}}