{"id":478,"date":"2022-08-09T15:44:01","date_gmt":"2022-08-09T13:44:01","guid":{"rendered":"https:\/\/intras.cz\/?page_id=478"},"modified":"2022-09-09T15:06:20","modified_gmt":"2022-09-09T13:06:20","slug":"legal-services","status":"publish","type":"page","link":"https:\/\/intras.cz\/en\/services\/legal-services\/","title":{"rendered":"Legal services"},"content":{"rendered":"<div class=\"wp-block-image\">\n<figure class=\"alignright size-full is-resized\"><img loading=\"lazy\" decoding=\"async\" src=\"https:\/\/intras.cz\/wp-content\/uploads\/2022\/09\/mazner-logo.png\" alt=\"\" class=\"wp-image-476\" width=\"565\" height=\"256\" srcset=\"https:\/\/intras.cz\/wp-content\/uploads\/2022\/09\/mazner-logo.png 860w, https:\/\/intras.cz\/wp-content\/uploads\/2022\/09\/mazner-logo-300x136.png 300w, https:\/\/intras.cz\/wp-content\/uploads\/2022\/09\/mazner-logo-768x349.png 768w, https:\/\/intras.cz\/wp-content\/uploads\/2022\/09\/mazner-logo-255x116.png 255w, https:\/\/intras.cz\/wp-content\/uploads\/2022\/09\/mazner-logo-160x73.png 160w, https:\/\/intras.cz\/wp-content\/uploads\/2022\/09\/mazner-logo-480x218.png 480w\" sizes=\"auto, (max-width: 565px) 100vw, 565px\" \/><\/figure>\n<\/div>\n\n\n<p>In close cooperation with Matzner et al, we provide our clients with legal services, particularly in the areas of commercial law, employment law, corporate law, and intellectual property rights.<\/p>\n\n\n\n<p>Further information can be found on <a href=\"https:\/\/www.matzner.legal\/\" target=\"_blank\" rel=\"noreferrer noopener\">https:\/\/www.matzner.legal\/<\/a>.<\/p>\n\n\n\r\n\t\t<div  class=\"block-6e0c943c-45e8-4403-828e-fdc1d307dde5 col areoi-element text-center col-12 col-sm-12 col-md-12 col-lg-12 col-xl-12 col-xxl-12\">\r\n\t\t\t\r\n\t\t\t\n\r\n\t\t\t\t\r\n\t\t<a \r\n\t\t\t\r\n\t\t\tclass=\"block-fdedb187-1b22-4cd0-bf42-b540cc0fc462 btn areoi-has-url position-relative blue-button btn-primary btn-lg\"\r\n\t href=\"\/en\/services\/\" >\r\n\t\t\t\t\t\r\n\t\t\t\t\tView more services \r\n\t\t\t\t\t\r\n\t\t\t\t\t \r\n\t\t\t\t<\/a>\r\n\t\t\t\n \r\n\t\t\t\r\n\t\t<\/div>\r\n\t","protected":false},"excerpt":{"rendered":"<p>In close cooperation with Matzner et al, we provide our clients with legal services, particularly in the areas of commercial law, employment law, corporate law, and intellectual property rights. Further information can be found on https:\/\/www.matzner.legal\/.<\/p>\n","protected":false},"author":1,"featured_media":0,"parent":407,"menu_order":70,"comment_status":"closed","ping_status":"closed","template":"page-sluzby.php","meta":{"footnotes":""},"class_list":["post-478","page","type-page","status-publish","hentry"],"yoast_head":"<!-- This site is optimized with the Yoast SEO plugin v22.7 - https:\/\/yoast.com\/wordpress\/plugins\/seo\/ -->\n<title>Legal services - Intras Consulting a.s. | \u00da\u010detnictv\u00ed, mzdy, dan\u011b<\/title>\n<meta name=\"robots\" content=\"index, follow, max-snippet:-1, max-image-preview:large, max-video-preview:-1\" \/>\n<link rel=\"canonical\" href=\"https:\/\/intras.cz\/en\/services\/legal-services\/\" \/>\n<meta property=\"og:locale\" content=\"en_US\" \/>\n<meta property=\"og:type\" content=\"article\" \/>\n<meta property=\"og:title\" content=\"Legal services - Intras Consulting a.s. | \u00da\u010detnictv\u00ed, mzdy, dan\u011b\" \/>\n<meta property=\"og:description\" content=\"In close cooperation with Matzner et al, we provide our clients with legal services, particularly in the areas of commercial law, employment law, corporate law, and intellectual property rights. Further information can be found on https:\/\/www.matzner.legal\/.\" \/>\n<meta property=\"og:url\" content=\"https:\/\/intras.cz\/en\/services\/legal-services\/\" \/>\n<meta property=\"og:site_name\" content=\"Intras Consulting a.s. | \u00da\u010detnictv\u00ed, mzdy, dan\u011b\" \/>\n<meta property=\"article:modified_time\" content=\"2022-09-09T13:06:20+00:00\" \/>\n<meta property=\"og:image\" content=\"https:\/\/intras.cz\/wp-content\/uploads\/2022\/09\/mazner-logo.png\" \/>\n<meta name=\"twitter:card\" content=\"summary_large_image\" \/>\n<meta name=\"twitter:label1\" content=\"Est. reading time\" \/>\n\t<meta name=\"twitter:data1\" content=\"1 minute\" \/>\n<script type=\"application\/ld+json\" class=\"yoast-schema-graph\">{\"@context\":\"https:\/\/schema.org\",\"@graph\":[{\"@type\":\"WebPage\",\"@id\":\"https:\/\/intras.cz\/en\/services\/legal-services\/\",\"url\":\"https:\/\/intras.cz\/en\/services\/legal-services\/\",\"name\":\"Legal services - Intras Consulting a.s. | \u00da\u010detnictv\u00ed, mzdy, dan\u011b\",\"isPartOf\":{\"@id\":\"https:\/\/intras.cz\/en\/#website\"},\"primaryImageOfPage\":{\"@id\":\"https:\/\/intras.cz\/en\/services\/legal-services\/#primaryimage\"},\"image\":{\"@id\":\"https:\/\/intras.cz\/en\/services\/legal-services\/#primaryimage\"},\"thumbnailUrl\":\"https:\/\/intras.cz\/wp-content\/uploads\/2022\/09\/mazner-logo.png\",\"datePublished\":\"2022-08-09T13:44:01+00:00\",\"dateModified\":\"2022-09-09T13:06:20+00:00\",\"breadcrumb\":{\"@id\":\"https:\/\/intras.cz\/en\/services\/legal-services\/#breadcrumb\"},\"inLanguage\":\"en-US\",\"potentialAction\":[{\"@type\":\"ReadAction\",\"target\":[\"https:\/\/intras.cz\/en\/services\/legal-services\/\"]}]},{\"@type\":\"ImageObject\",\"inLanguage\":\"en-US\",\"@id\":\"https:\/\/intras.cz\/en\/services\/legal-services\/#primaryimage\",\"url\":\"https:\/\/intras.cz\/wp-content\/uploads\/2022\/09\/mazner-logo.png\",\"contentUrl\":\"https:\/\/intras.cz\/wp-content\/uploads\/2022\/09\/mazner-logo.png\"},{\"@type\":\"BreadcrumbList\",\"@id\":\"https:\/\/intras.cz\/en\/services\/legal-services\/#breadcrumb\",\"itemListElement\":[{\"@type\":\"ListItem\",\"position\":1,\"name\":\"Dom\u016f\",\"item\":\"https:\/\/intras.cz\/en\/\"},{\"@type\":\"ListItem\",\"position\":2,\"name\":\"Services\",\"item\":\"https:\/\/intras.cz\/en\/services\/\"},{\"@type\":\"ListItem\",\"position\":3,\"name\":\"Legal services\"}]},{\"@type\":\"WebSite\",\"@id\":\"https:\/\/intras.cz\/en\/#website\",\"url\":\"https:\/\/intras.cz\/en\/\",\"name\":\"Intras Consulting a.s. | \u00da\u010detnictv\u00ed, mzdy, dan\u011b\",\"description\":\"Spole\u010dnost pova\u017euje za sv\u00e9 posl\u00e1n\u00ed poskytovat vysoce kvalitn\u00ed zpracov\u00e1n\u00ed administrativn\u00edch \u00faloh za zlomek obvykl\u00e9 v\u00fd\u0161e n\u00e1klad\u016f na klientovy vlastn\u00ed zdroje.\",\"potentialAction\":[{\"@type\":\"SearchAction\",\"target\":{\"@type\":\"EntryPoint\",\"urlTemplate\":\"https:\/\/intras.cz\/en\/?s={search_term_string}\"},\"query-input\":\"required name=search_term_string\"}],\"inLanguage\":\"en-US\"}]}<\/script>\n<!-- \/ Yoast SEO plugin. -->","yoast_head_json":{"title":"Legal services - Intras Consulting a.s. | \u00da\u010detnictv\u00ed, mzdy, dan\u011b","robots":{"index":"index","follow":"follow","max-snippet":"max-snippet:-1","max-image-preview":"max-image-preview:large","max-video-preview":"max-video-preview:-1"},"canonical":"https:\/\/intras.cz\/en\/services\/legal-services\/","og_locale":"en_US","og_type":"article","og_title":"Legal services - Intras Consulting a.s. | \u00da\u010detnictv\u00ed, mzdy, dan\u011b","og_description":"In close cooperation with Matzner et al, we provide our clients with legal services, particularly in the areas of commercial law, employment law, corporate law, and intellectual property rights. Further information can be found on https:\/\/www.matzner.legal\/.","og_url":"https:\/\/intras.cz\/en\/services\/legal-services\/","og_site_name":"Intras Consulting a.s. | \u00da\u010detnictv\u00ed, mzdy, dan\u011b","article_modified_time":"2022-09-09T13:06:20+00:00","og_image":[{"url":"https:\/\/intras.cz\/wp-content\/uploads\/2022\/09\/mazner-logo.png"}],"twitter_card":"summary_large_image","twitter_misc":{"Est. reading time":"1 minute"},"schema":{"@context":"https:\/\/schema.org","@graph":[{"@type":"WebPage","@id":"https:\/\/intras.cz\/en\/services\/legal-services\/","url":"https:\/\/intras.cz\/en\/services\/legal-services\/","name":"Legal services - Intras Consulting a.s. | \u00da\u010detnictv\u00ed, mzdy, dan\u011b","isPartOf":{"@id":"https:\/\/intras.cz\/en\/#website"},"primaryImageOfPage":{"@id":"https:\/\/intras.cz\/en\/services\/legal-services\/#primaryimage"},"image":{"@id":"https:\/\/intras.cz\/en\/services\/legal-services\/#primaryimage"},"thumbnailUrl":"https:\/\/intras.cz\/wp-content\/uploads\/2022\/09\/mazner-logo.png","datePublished":"2022-08-09T13:44:01+00:00","dateModified":"2022-09-09T13:06:20+00:00","breadcrumb":{"@id":"https:\/\/intras.cz\/en\/services\/legal-services\/#breadcrumb"},"inLanguage":"en-US","potentialAction":[{"@type":"ReadAction","target":["https:\/\/intras.cz\/en\/services\/legal-services\/"]}]},{"@type":"ImageObject","inLanguage":"en-US","@id":"https:\/\/intras.cz\/en\/services\/legal-services\/#primaryimage","url":"https:\/\/intras.cz\/wp-content\/uploads\/2022\/09\/mazner-logo.png","contentUrl":"https:\/\/intras.cz\/wp-content\/uploads\/2022\/09\/mazner-logo.png"},{"@type":"BreadcrumbList","@id":"https:\/\/intras.cz\/en\/services\/legal-services\/#breadcrumb","itemListElement":[{"@type":"ListItem","position":1,"name":"Dom\u016f","item":"https:\/\/intras.cz\/en\/"},{"@type":"ListItem","position":2,"name":"Services","item":"https:\/\/intras.cz\/en\/services\/"},{"@type":"ListItem","position":3,"name":"Legal services"}]},{"@type":"WebSite","@id":"https:\/\/intras.cz\/en\/#website","url":"https:\/\/intras.cz\/en\/","name":"Intras Consulting a.s. | \u00da\u010detnictv\u00ed, mzdy, dan\u011b","description":"Spole\u010dnost pova\u017euje za sv\u00e9 posl\u00e1n\u00ed poskytovat vysoce kvalitn\u00ed zpracov\u00e1n\u00ed administrativn\u00edch \u00faloh za zlomek obvykl\u00e9 v\u00fd\u0161e n\u00e1klad\u016f na klientovy vlastn\u00ed zdroje.","potentialAction":[{"@type":"SearchAction","target":{"@type":"EntryPoint","urlTemplate":"https:\/\/intras.cz\/en\/?s={search_term_string}"},"query-input":"required name=search_term_string"}],"inLanguage":"en-US"}]}},"_links":{"self":[{"href":"https:\/\/intras.cz\/en\/wp-json\/wp\/v2\/pages\/478","targetHints":{"allow":["GET"]}}],"collection":[{"href":"https:\/\/intras.cz\/en\/wp-json\/wp\/v2\/pages"}],"about":[{"href":"https:\/\/intras.cz\/en\/wp-json\/wp\/v2\/types\/page"}],"author":[{"embeddable":true,"href":"https:\/\/intras.cz\/en\/wp-json\/wp\/v2\/users\/1"}],"replies":[{"embeddable":true,"href":"https:\/\/intras.cz\/en\/wp-json\/wp\/v2\/comments?post=478"}],"version-history":[{"count":4,"href":"https:\/\/intras.cz\/en\/wp-json\/wp\/v2\/pages\/478\/revisions"}],"predecessor-version":[{"id":895,"href":"https:\/\/intras.cz\/en\/wp-json\/wp\/v2\/pages\/478\/revisions\/895"}],"up":[{"embeddable":true,"href":"https:\/\/intras.cz\/en\/wp-json\/wp\/v2\/pages\/407"}],"wp:attachment":[{"href":"https:\/\/intras.cz\/en\/wp-json\/wp\/v2\/media?parent=478"}],"curies":[{"name":"wp","href":"https:\/\/api.w.org\/{rel}","templated":true}]}}