{"id":460,"date":"2022-08-09T15:37:11","date_gmt":"2022-08-09T13:37:11","guid":{"rendered":"https:\/\/intras.cz\/?page_id=460"},"modified":"2022-09-09T15:07:40","modified_gmt":"2022-09-09T13:07:40","slug":"reporting-and-controlling","status":"publish","type":"page","link":"https:\/\/intras.cz\/en\/services\/reporting-and-controlling\/","title":{"rendered":"Reporting and controlling"},"content":{"rendered":"<div class=\"wp-block-image\">\n<figure class=\"alignright size-large is-resized\"><img loading=\"lazy\" decoding=\"async\" src=\"https:\/\/intras.cz\/wp-content\/uploads\/2022\/09\/entrepreneur-1340649_1920-1024x724.jpg\" alt=\"\" class=\"wp-image-458\" width=\"460\" height=\"324\" srcset=\"https:\/\/intras.cz\/wp-content\/uploads\/2022\/09\/entrepreneur-1340649_1920-1024x724.jpg 1024w, https:\/\/intras.cz\/wp-content\/uploads\/2022\/09\/entrepreneur-1340649_1920-300x212.jpg 300w, https:\/\/intras.cz\/wp-content\/uploads\/2022\/09\/entrepreneur-1340649_1920-768x543.jpg 768w, https:\/\/intras.cz\/wp-content\/uploads\/2022\/09\/entrepreneur-1340649_1920-1536x1086.jpg 1536w, https:\/\/intras.cz\/wp-content\/uploads\/2022\/09\/entrepreneur-1340649_1920-255x180.jpg 255w, https:\/\/intras.cz\/wp-content\/uploads\/2022\/09\/entrepreneur-1340649_1920-160x113.jpg 160w, https:\/\/intras.cz\/wp-content\/uploads\/2022\/09\/entrepreneur-1340649_1920-480x339.jpg 480w, https:\/\/intras.cz\/wp-content\/uploads\/2022\/09\/entrepreneur-1340649_1920.jpg 1920w\" sizes=\"auto, (max-width: 460px) 100vw, 460px\" \/><\/figure>\n<\/div>\n\n\n<p><strong>In line with our client\u2019s requirements, we prepare and analyse reports that allow continuous monitoring <\/strong>and evaluation of the company\u2019s performance across several dimensions and in different periods, in accordance with the client\u2019s needs and expectations. We have experience with various reporting systems and tools, with reporting for multinational corporations and the requirements of stock exchanges.<\/p>\n\n\n\n<p>We are also ready to design, implement and analyse non-standard specific reports during the implementation of reporting.<\/p>\n\n\n\r\n\t\t<div  class=\"block-5e084626-6704-4ad9-b2fe-5c0f60d27b75 col areoi-element text-center col-12 col-sm-12 col-md-12 col-lg-12 col-xl-12 col-xxl-12\">\r\n\t\t\t\r\n\t\t\t\n\r\n\t\t\t\t\r\n\t\t<a \r\n\t\t\t\r\n\t\t\tclass=\"block-0f616916-a24a-4c25-9d13-f428818e9623 btn areoi-has-url position-relative blue-button btn-primary btn-lg\"\r\n\t href=\"\/en\/services\/\" >\r\n\t\t\t\t\t\r\n\t\t\t\t\tView more services \r\n\t\t\t\t\t\r\n\t\t\t\t\t \r\n\t\t\t\t<\/a>\r\n\t\t\t\n \r\n\t\t\t\r\n\t\t<\/div>\r\n\t","protected":false},"excerpt":{"rendered":"<p>In line with our client\u2019s requirements, we prepare and analyse reports that allow continuous monitoring and evaluation of the company\u2019s performance across several dimensions and in different periods, in accordance with the client\u2019s needs and expectations. We have experience with various reporting systems and tools, with reporting for multinational corporations and the requirements of stock [&hellip;]<\/p>\n","protected":false},"author":1,"featured_media":0,"parent":407,"menu_order":40,"comment_status":"closed","ping_status":"closed","template":"page-sluzby.php","meta":{"footnotes":""},"class_list":["post-460","page","type-page","status-publish","hentry"],"yoast_head":"<!-- This site is optimized with the Yoast SEO plugin v22.7 - https:\/\/yoast.com\/wordpress\/plugins\/seo\/ -->\n<title>Reporting and controlling - Intras Consulting a.s. | \u00da\u010detnictv\u00ed, mzdy, dan\u011b<\/title>\n<meta name=\"robots\" content=\"index, follow, max-snippet:-1, max-image-preview:large, max-video-preview:-1\" \/>\n<link rel=\"canonical\" href=\"https:\/\/intras.cz\/en\/services\/reporting-and-controlling\/\" \/>\n<meta property=\"og:locale\" content=\"en_US\" \/>\n<meta property=\"og:type\" content=\"article\" \/>\n<meta property=\"og:title\" content=\"Reporting and controlling - Intras Consulting a.s. | \u00da\u010detnictv\u00ed, mzdy, dan\u011b\" \/>\n<meta property=\"og:description\" content=\"In line with our client\u2019s requirements, we prepare and analyse reports that allow continuous monitoring and evaluation of the company\u2019s performance across several dimensions and in different periods, in accordance with the client\u2019s needs and expectations. We have experience with various reporting systems and tools, with reporting for multinational corporations and the requirements of stock [&hellip;]\" \/>\n<meta property=\"og:url\" content=\"https:\/\/intras.cz\/en\/services\/reporting-and-controlling\/\" \/>\n<meta property=\"og:site_name\" content=\"Intras Consulting a.s. | \u00da\u010detnictv\u00ed, mzdy, dan\u011b\" \/>\n<meta property=\"article:modified_time\" content=\"2022-09-09T13:07:40+00:00\" \/>\n<meta property=\"og:image\" content=\"https:\/\/intras.cz\/wp-content\/uploads\/2022\/09\/entrepreneur-1340649_1920-1024x724.jpg\" \/>\n<meta name=\"twitter:card\" content=\"summary_large_image\" \/>\n<meta name=\"twitter:label1\" content=\"Est. reading time\" \/>\n\t<meta name=\"twitter:data1\" content=\"1 minute\" \/>\n<script type=\"application\/ld+json\" class=\"yoast-schema-graph\">{\"@context\":\"https:\/\/schema.org\",\"@graph\":[{\"@type\":\"WebPage\",\"@id\":\"https:\/\/intras.cz\/en\/services\/reporting-and-controlling\/\",\"url\":\"https:\/\/intras.cz\/en\/services\/reporting-and-controlling\/\",\"name\":\"Reporting and controlling - Intras Consulting a.s. | \u00da\u010detnictv\u00ed, mzdy, dan\u011b\",\"isPartOf\":{\"@id\":\"https:\/\/intras.cz\/en\/#website\"},\"primaryImageOfPage\":{\"@id\":\"https:\/\/intras.cz\/en\/services\/reporting-and-controlling\/#primaryimage\"},\"image\":{\"@id\":\"https:\/\/intras.cz\/en\/services\/reporting-and-controlling\/#primaryimage\"},\"thumbnailUrl\":\"https:\/\/intras.cz\/wp-content\/uploads\/2022\/09\/entrepreneur-1340649_1920-1024x724.jpg\",\"datePublished\":\"2022-08-09T13:37:11+00:00\",\"dateModified\":\"2022-09-09T13:07:40+00:00\",\"breadcrumb\":{\"@id\":\"https:\/\/intras.cz\/en\/services\/reporting-and-controlling\/#breadcrumb\"},\"inLanguage\":\"en-US\",\"potentialAction\":[{\"@type\":\"ReadAction\",\"target\":[\"https:\/\/intras.cz\/en\/services\/reporting-and-controlling\/\"]}]},{\"@type\":\"ImageObject\",\"inLanguage\":\"en-US\",\"@id\":\"https:\/\/intras.cz\/en\/services\/reporting-and-controlling\/#primaryimage\",\"url\":\"https:\/\/intras.cz\/wp-content\/uploads\/2022\/09\/entrepreneur-1340649_1920-1024x724.jpg\",\"contentUrl\":\"https:\/\/intras.cz\/wp-content\/uploads\/2022\/09\/entrepreneur-1340649_1920-1024x724.jpg\"},{\"@type\":\"BreadcrumbList\",\"@id\":\"https:\/\/intras.cz\/en\/services\/reporting-and-controlling\/#breadcrumb\",\"itemListElement\":[{\"@type\":\"ListItem\",\"position\":1,\"name\":\"Dom\u016f\",\"item\":\"https:\/\/intras.cz\/en\/\"},{\"@type\":\"ListItem\",\"position\":2,\"name\":\"Services\",\"item\":\"https:\/\/intras.cz\/en\/services\/\"},{\"@type\":\"ListItem\",\"position\":3,\"name\":\"Reporting and controlling\"}]},{\"@type\":\"WebSite\",\"@id\":\"https:\/\/intras.cz\/en\/#website\",\"url\":\"https:\/\/intras.cz\/en\/\",\"name\":\"Intras Consulting a.s. | \u00da\u010detnictv\u00ed, mzdy, dan\u011b\",\"description\":\"Spole\u010dnost pova\u017euje za sv\u00e9 posl\u00e1n\u00ed poskytovat vysoce kvalitn\u00ed zpracov\u00e1n\u00ed administrativn\u00edch \u00faloh za zlomek obvykl\u00e9 v\u00fd\u0161e n\u00e1klad\u016f na klientovy vlastn\u00ed zdroje.\",\"potentialAction\":[{\"@type\":\"SearchAction\",\"target\":{\"@type\":\"EntryPoint\",\"urlTemplate\":\"https:\/\/intras.cz\/en\/?s={search_term_string}\"},\"query-input\":\"required name=search_term_string\"}],\"inLanguage\":\"en-US\"}]}<\/script>\n<!-- \/ Yoast SEO plugin. -->","yoast_head_json":{"title":"Reporting and controlling - Intras Consulting a.s. | \u00da\u010detnictv\u00ed, mzdy, dan\u011b","robots":{"index":"index","follow":"follow","max-snippet":"max-snippet:-1","max-image-preview":"max-image-preview:large","max-video-preview":"max-video-preview:-1"},"canonical":"https:\/\/intras.cz\/en\/services\/reporting-and-controlling\/","og_locale":"en_US","og_type":"article","og_title":"Reporting and controlling - Intras Consulting a.s. | \u00da\u010detnictv\u00ed, mzdy, dan\u011b","og_description":"In line with our client\u2019s requirements, we prepare and analyse reports that allow continuous monitoring and evaluation of the company\u2019s performance across several dimensions and in different periods, in accordance with the client\u2019s needs and expectations. We have experience with various reporting systems and tools, with reporting for multinational corporations and the requirements of stock [&hellip;]","og_url":"https:\/\/intras.cz\/en\/services\/reporting-and-controlling\/","og_site_name":"Intras Consulting a.s. | \u00da\u010detnictv\u00ed, mzdy, dan\u011b","article_modified_time":"2022-09-09T13:07:40+00:00","og_image":[{"url":"https:\/\/intras.cz\/wp-content\/uploads\/2022\/09\/entrepreneur-1340649_1920-1024x724.jpg"}],"twitter_card":"summary_large_image","twitter_misc":{"Est. reading time":"1 minute"},"schema":{"@context":"https:\/\/schema.org","@graph":[{"@type":"WebPage","@id":"https:\/\/intras.cz\/en\/services\/reporting-and-controlling\/","url":"https:\/\/intras.cz\/en\/services\/reporting-and-controlling\/","name":"Reporting and controlling - Intras Consulting a.s. | \u00da\u010detnictv\u00ed, mzdy, dan\u011b","isPartOf":{"@id":"https:\/\/intras.cz\/en\/#website"},"primaryImageOfPage":{"@id":"https:\/\/intras.cz\/en\/services\/reporting-and-controlling\/#primaryimage"},"image":{"@id":"https:\/\/intras.cz\/en\/services\/reporting-and-controlling\/#primaryimage"},"thumbnailUrl":"https:\/\/intras.cz\/wp-content\/uploads\/2022\/09\/entrepreneur-1340649_1920-1024x724.jpg","datePublished":"2022-08-09T13:37:11+00:00","dateModified":"2022-09-09T13:07:40+00:00","breadcrumb":{"@id":"https:\/\/intras.cz\/en\/services\/reporting-and-controlling\/#breadcrumb"},"inLanguage":"en-US","potentialAction":[{"@type":"ReadAction","target":["https:\/\/intras.cz\/en\/services\/reporting-and-controlling\/"]}]},{"@type":"ImageObject","inLanguage":"en-US","@id":"https:\/\/intras.cz\/en\/services\/reporting-and-controlling\/#primaryimage","url":"https:\/\/intras.cz\/wp-content\/uploads\/2022\/09\/entrepreneur-1340649_1920-1024x724.jpg","contentUrl":"https:\/\/intras.cz\/wp-content\/uploads\/2022\/09\/entrepreneur-1340649_1920-1024x724.jpg"},{"@type":"BreadcrumbList","@id":"https:\/\/intras.cz\/en\/services\/reporting-and-controlling\/#breadcrumb","itemListElement":[{"@type":"ListItem","position":1,"name":"Dom\u016f","item":"https:\/\/intras.cz\/en\/"},{"@type":"ListItem","position":2,"name":"Services","item":"https:\/\/intras.cz\/en\/services\/"},{"@type":"ListItem","position":3,"name":"Reporting and controlling"}]},{"@type":"WebSite","@id":"https:\/\/intras.cz\/en\/#website","url":"https:\/\/intras.cz\/en\/","name":"Intras Consulting a.s. | \u00da\u010detnictv\u00ed, mzdy, dan\u011b","description":"Spole\u010dnost pova\u017euje za sv\u00e9 posl\u00e1n\u00ed poskytovat vysoce kvalitn\u00ed zpracov\u00e1n\u00ed administrativn\u00edch \u00faloh za zlomek obvykl\u00e9 v\u00fd\u0161e n\u00e1klad\u016f na klientovy vlastn\u00ed zdroje.","potentialAction":[{"@type":"SearchAction","target":{"@type":"EntryPoint","urlTemplate":"https:\/\/intras.cz\/en\/?s={search_term_string}"},"query-input":"required name=search_term_string"}],"inLanguage":"en-US"}]}},"_links":{"self":[{"href":"https:\/\/intras.cz\/en\/wp-json\/wp\/v2\/pages\/460","targetHints":{"allow":["GET"]}}],"collection":[{"href":"https:\/\/intras.cz\/en\/wp-json\/wp\/v2\/pages"}],"about":[{"href":"https:\/\/intras.cz\/en\/wp-json\/wp\/v2\/types\/page"}],"author":[{"embeddable":true,"href":"https:\/\/intras.cz\/en\/wp-json\/wp\/v2\/users\/1"}],"replies":[{"embeddable":true,"href":"https:\/\/intras.cz\/en\/wp-json\/wp\/v2\/comments?post=460"}],"version-history":[{"count":3,"href":"https:\/\/intras.cz\/en\/wp-json\/wp\/v2\/pages\/460\/revisions"}],"predecessor-version":[{"id":899,"href":"https:\/\/intras.cz\/en\/wp-json\/wp\/v2\/pages\/460\/revisions\/899"}],"up":[{"embeddable":true,"href":"https:\/\/intras.cz\/en\/wp-json\/wp\/v2\/pages\/407"}],"wp:attachment":[{"href":"https:\/\/intras.cz\/en\/wp-json\/wp\/v2\/media?parent=460"}],"curies":[{"name":"wp","href":"https:\/\/api.w.org\/{rel}","templated":true}]}}