{"id":453,"date":"2022-08-09T15:34:54","date_gmt":"2022-08-09T13:34:54","guid":{"rendered":"https:\/\/intras.cz\/?page_id=453"},"modified":"2022-09-09T15:08:05","modified_gmt":"2022-09-09T13:08:05","slug":"payroll-accounting-hr","status":"publish","type":"page","link":"https:\/\/intras.cz\/en\/services\/payroll-accounting-hr\/","title":{"rendered":"Payroll Accounting &#038; HR"},"content":{"rendered":"<div class=\"wp-block-image\">\n<figure class=\"alignright size-large is-resized\"><img loading=\"lazy\" decoding=\"async\" src=\"https:\/\/intras.cz\/wp-content\/uploads\/2022\/09\/people-1979261_1920-1024x683.jpg\" alt=\"\" class=\"wp-image-449\" width=\"463\" height=\"308\" srcset=\"https:\/\/intras.cz\/wp-content\/uploads\/2022\/09\/people-1979261_1920-1024x683.jpg 1024w, https:\/\/intras.cz\/wp-content\/uploads\/2022\/09\/people-1979261_1920-300x200.jpg 300w, https:\/\/intras.cz\/wp-content\/uploads\/2022\/09\/people-1979261_1920-768x512.jpg 768w, https:\/\/intras.cz\/wp-content\/uploads\/2022\/09\/people-1979261_1920-1536x1024.jpg 1536w, https:\/\/intras.cz\/wp-content\/uploads\/2022\/09\/people-1979261_1920-255x170.jpg 255w, https:\/\/intras.cz\/wp-content\/uploads\/2022\/09\/people-1979261_1920-160x107.jpg 160w, https:\/\/intras.cz\/wp-content\/uploads\/2022\/09\/people-1979261_1920-480x320.jpg 480w, https:\/\/intras.cz\/wp-content\/uploads\/2022\/09\/people-1979261_1920.jpg 1920w\" sizes=\"auto, (max-width: 463px) 100vw, 463px\" \/><\/figure>\n<\/div>\n\n\n<p><strong>Comprehensive payroll processing<\/strong> means <strong>all <\/strong>ctivities related to the creation, course and termination of employment, whether this is a simple employment arrangement and conditions or a complicated shift pattern.<\/p>\n\n\n\n<p>As part of <strong>HR<\/strong>, we offer recruitment services for our clients, who can then see the most suitable pre-selected candidates.<\/p>\n\n\n\r\n\t\t<div  class=\"block-76b832fe-a8a4-40de-83a7-20332553c7a3 col areoi-element text-center col-12 col-sm-12 col-md-12 col-lg-12 col-xl-12 col-xxl-12\">\r\n\t\t\t\r\n\t\t\t\n\r\n\t\t\t\t\r\n\t\t<a \r\n\t\t\t\r\n\t\t\tclass=\"block-1c6a4719-afb8-4c95-8927-ee1fd58cc442 btn areoi-has-url position-relative blue-button btn-primary btn-lg\"\r\n\t href=\"\/en\/services\/\" >\r\n\t\t\t\t\t\r\n\t\t\t\t\tView more services \r\n\t\t\t\t\t\r\n\t\t\t\t\t \r\n\t\t\t\t<\/a>\r\n\t\t\t\n \r\n\t\t\t\r\n\t\t<\/div>\r\n\t","protected":false},"excerpt":{"rendered":"<p>Comprehensive payroll processing means all ctivities related to the creation, course and termination of employment, whether this is a simple employment arrangement and conditions or a complicated shift pattern. As part of HR, we offer recruitment services for our clients, who can then see the most suitable pre-selected candidates.<\/p>\n","protected":false},"author":1,"featured_media":0,"parent":407,"menu_order":30,"comment_status":"closed","ping_status":"closed","template":"page-sluzby.php","meta":{"footnotes":""},"class_list":["post-453","page","type-page","status-publish","hentry"],"yoast_head":"<!-- This site is optimized with the Yoast SEO plugin v22.7 - https:\/\/yoast.com\/wordpress\/plugins\/seo\/ -->\n<title>Payroll Accounting &amp; HR - Intras Consulting a.s. | \u00da\u010detnictv\u00ed, mzdy, dan\u011b<\/title>\n<meta name=\"robots\" content=\"index, follow, max-snippet:-1, max-image-preview:large, max-video-preview:-1\" \/>\n<link rel=\"canonical\" href=\"https:\/\/intras.cz\/en\/services\/payroll-accounting-hr\/\" \/>\n<meta property=\"og:locale\" content=\"en_US\" \/>\n<meta property=\"og:type\" content=\"article\" \/>\n<meta property=\"og:title\" content=\"Payroll Accounting &amp; HR - Intras Consulting a.s. | \u00da\u010detnictv\u00ed, mzdy, dan\u011b\" \/>\n<meta property=\"og:description\" content=\"Comprehensive payroll processing means all ctivities related to the creation, course and termination of employment, whether this is a simple employment arrangement and conditions or a complicated shift pattern. As part of HR, we offer recruitment services for our clients, who can then see the most suitable pre-selected candidates.\" \/>\n<meta property=\"og:url\" content=\"https:\/\/intras.cz\/en\/services\/payroll-accounting-hr\/\" \/>\n<meta property=\"og:site_name\" content=\"Intras Consulting a.s. | \u00da\u010detnictv\u00ed, mzdy, dan\u011b\" \/>\n<meta property=\"article:modified_time\" content=\"2022-09-09T13:08:05+00:00\" \/>\n<meta property=\"og:image\" content=\"https:\/\/intras.cz\/wp-content\/uploads\/2022\/09\/people-1979261_1920-1024x683.jpg\" \/>\n<meta name=\"twitter:card\" content=\"summary_large_image\" \/>\n<meta name=\"twitter:label1\" content=\"Est. reading time\" \/>\n\t<meta name=\"twitter:data1\" content=\"1 minute\" \/>\n<script type=\"application\/ld+json\" class=\"yoast-schema-graph\">{\"@context\":\"https:\/\/schema.org\",\"@graph\":[{\"@type\":\"WebPage\",\"@id\":\"https:\/\/intras.cz\/en\/services\/payroll-accounting-hr\/\",\"url\":\"https:\/\/intras.cz\/en\/services\/payroll-accounting-hr\/\",\"name\":\"Payroll Accounting & HR - Intras Consulting a.s. | \u00da\u010detnictv\u00ed, mzdy, dan\u011b\",\"isPartOf\":{\"@id\":\"https:\/\/intras.cz\/en\/#website\"},\"primaryImageOfPage\":{\"@id\":\"https:\/\/intras.cz\/en\/services\/payroll-accounting-hr\/#primaryimage\"},\"image\":{\"@id\":\"https:\/\/intras.cz\/en\/services\/payroll-accounting-hr\/#primaryimage\"},\"thumbnailUrl\":\"https:\/\/intras.cz\/wp-content\/uploads\/2022\/09\/people-1979261_1920-1024x683.jpg\",\"datePublished\":\"2022-08-09T13:34:54+00:00\",\"dateModified\":\"2022-09-09T13:08:05+00:00\",\"breadcrumb\":{\"@id\":\"https:\/\/intras.cz\/en\/services\/payroll-accounting-hr\/#breadcrumb\"},\"inLanguage\":\"en-US\",\"potentialAction\":[{\"@type\":\"ReadAction\",\"target\":[\"https:\/\/intras.cz\/en\/services\/payroll-accounting-hr\/\"]}]},{\"@type\":\"ImageObject\",\"inLanguage\":\"en-US\",\"@id\":\"https:\/\/intras.cz\/en\/services\/payroll-accounting-hr\/#primaryimage\",\"url\":\"https:\/\/intras.cz\/wp-content\/uploads\/2022\/09\/people-1979261_1920-1024x683.jpg\",\"contentUrl\":\"https:\/\/intras.cz\/wp-content\/uploads\/2022\/09\/people-1979261_1920-1024x683.jpg\"},{\"@type\":\"BreadcrumbList\",\"@id\":\"https:\/\/intras.cz\/en\/services\/payroll-accounting-hr\/#breadcrumb\",\"itemListElement\":[{\"@type\":\"ListItem\",\"position\":1,\"name\":\"Dom\u016f\",\"item\":\"https:\/\/intras.cz\/en\/\"},{\"@type\":\"ListItem\",\"position\":2,\"name\":\"Services\",\"item\":\"https:\/\/intras.cz\/en\/services\/\"},{\"@type\":\"ListItem\",\"position\":3,\"name\":\"Payroll Accounting &#038; HR\"}]},{\"@type\":\"WebSite\",\"@id\":\"https:\/\/intras.cz\/en\/#website\",\"url\":\"https:\/\/intras.cz\/en\/\",\"name\":\"Intras Consulting a.s. | \u00da\u010detnictv\u00ed, mzdy, dan\u011b\",\"description\":\"Spole\u010dnost pova\u017euje za sv\u00e9 posl\u00e1n\u00ed poskytovat vysoce kvalitn\u00ed zpracov\u00e1n\u00ed administrativn\u00edch \u00faloh za zlomek obvykl\u00e9 v\u00fd\u0161e n\u00e1klad\u016f na klientovy vlastn\u00ed zdroje.\",\"potentialAction\":[{\"@type\":\"SearchAction\",\"target\":{\"@type\":\"EntryPoint\",\"urlTemplate\":\"https:\/\/intras.cz\/en\/?s={search_term_string}\"},\"query-input\":\"required name=search_term_string\"}],\"inLanguage\":\"en-US\"}]}<\/script>\n<!-- \/ Yoast SEO plugin. -->","yoast_head_json":{"title":"Payroll Accounting & HR - Intras Consulting a.s. | \u00da\u010detnictv\u00ed, mzdy, dan\u011b","robots":{"index":"index","follow":"follow","max-snippet":"max-snippet:-1","max-image-preview":"max-image-preview:large","max-video-preview":"max-video-preview:-1"},"canonical":"https:\/\/intras.cz\/en\/services\/payroll-accounting-hr\/","og_locale":"en_US","og_type":"article","og_title":"Payroll Accounting & HR - Intras Consulting a.s. | \u00da\u010detnictv\u00ed, mzdy, dan\u011b","og_description":"Comprehensive payroll processing means all ctivities related to the creation, course and termination of employment, whether this is a simple employment arrangement and conditions or a complicated shift pattern. As part of HR, we offer recruitment services for our clients, who can then see the most suitable pre-selected candidates.","og_url":"https:\/\/intras.cz\/en\/services\/payroll-accounting-hr\/","og_site_name":"Intras Consulting a.s. | \u00da\u010detnictv\u00ed, mzdy, dan\u011b","article_modified_time":"2022-09-09T13:08:05+00:00","og_image":[{"url":"https:\/\/intras.cz\/wp-content\/uploads\/2022\/09\/people-1979261_1920-1024x683.jpg"}],"twitter_card":"summary_large_image","twitter_misc":{"Est. reading time":"1 minute"},"schema":{"@context":"https:\/\/schema.org","@graph":[{"@type":"WebPage","@id":"https:\/\/intras.cz\/en\/services\/payroll-accounting-hr\/","url":"https:\/\/intras.cz\/en\/services\/payroll-accounting-hr\/","name":"Payroll Accounting & HR - Intras Consulting a.s. | \u00da\u010detnictv\u00ed, mzdy, dan\u011b","isPartOf":{"@id":"https:\/\/intras.cz\/en\/#website"},"primaryImageOfPage":{"@id":"https:\/\/intras.cz\/en\/services\/payroll-accounting-hr\/#primaryimage"},"image":{"@id":"https:\/\/intras.cz\/en\/services\/payroll-accounting-hr\/#primaryimage"},"thumbnailUrl":"https:\/\/intras.cz\/wp-content\/uploads\/2022\/09\/people-1979261_1920-1024x683.jpg","datePublished":"2022-08-09T13:34:54+00:00","dateModified":"2022-09-09T13:08:05+00:00","breadcrumb":{"@id":"https:\/\/intras.cz\/en\/services\/payroll-accounting-hr\/#breadcrumb"},"inLanguage":"en-US","potentialAction":[{"@type":"ReadAction","target":["https:\/\/intras.cz\/en\/services\/payroll-accounting-hr\/"]}]},{"@type":"ImageObject","inLanguage":"en-US","@id":"https:\/\/intras.cz\/en\/services\/payroll-accounting-hr\/#primaryimage","url":"https:\/\/intras.cz\/wp-content\/uploads\/2022\/09\/people-1979261_1920-1024x683.jpg","contentUrl":"https:\/\/intras.cz\/wp-content\/uploads\/2022\/09\/people-1979261_1920-1024x683.jpg"},{"@type":"BreadcrumbList","@id":"https:\/\/intras.cz\/en\/services\/payroll-accounting-hr\/#breadcrumb","itemListElement":[{"@type":"ListItem","position":1,"name":"Dom\u016f","item":"https:\/\/intras.cz\/en\/"},{"@type":"ListItem","position":2,"name":"Services","item":"https:\/\/intras.cz\/en\/services\/"},{"@type":"ListItem","position":3,"name":"Payroll Accounting &#038; HR"}]},{"@type":"WebSite","@id":"https:\/\/intras.cz\/en\/#website","url":"https:\/\/intras.cz\/en\/","name":"Intras Consulting a.s. | \u00da\u010detnictv\u00ed, mzdy, dan\u011b","description":"Spole\u010dnost pova\u017euje za sv\u00e9 posl\u00e1n\u00ed poskytovat vysoce kvalitn\u00ed zpracov\u00e1n\u00ed administrativn\u00edch \u00faloh za zlomek obvykl\u00e9 v\u00fd\u0161e n\u00e1klad\u016f na klientovy vlastn\u00ed zdroje.","potentialAction":[{"@type":"SearchAction","target":{"@type":"EntryPoint","urlTemplate":"https:\/\/intras.cz\/en\/?s={search_term_string}"},"query-input":"required name=search_term_string"}],"inLanguage":"en-US"}]}},"_links":{"self":[{"href":"https:\/\/intras.cz\/en\/wp-json\/wp\/v2\/pages\/453","targetHints":{"allow":["GET"]}}],"collection":[{"href":"https:\/\/intras.cz\/en\/wp-json\/wp\/v2\/pages"}],"about":[{"href":"https:\/\/intras.cz\/en\/wp-json\/wp\/v2\/types\/page"}],"author":[{"embeddable":true,"href":"https:\/\/intras.cz\/en\/wp-json\/wp\/v2\/users\/1"}],"replies":[{"embeddable":true,"href":"https:\/\/intras.cz\/en\/wp-json\/wp\/v2\/comments?post=453"}],"version-history":[{"count":6,"href":"https:\/\/intras.cz\/en\/wp-json\/wp\/v2\/pages\/453\/revisions"}],"predecessor-version":[{"id":900,"href":"https:\/\/intras.cz\/en\/wp-json\/wp\/v2\/pages\/453\/revisions\/900"}],"up":[{"embeddable":true,"href":"https:\/\/intras.cz\/en\/wp-json\/wp\/v2\/pages\/407"}],"wp:attachment":[{"href":"https:\/\/intras.cz\/en\/wp-json\/wp\/v2\/media?parent=453"}],"curies":[{"name":"wp","href":"https:\/\/api.w.org\/{rel}","templated":true}]}}