{"id":445,"date":"2022-08-09T15:30:05","date_gmt":"2022-08-09T13:30:05","guid":{"rendered":"https:\/\/intras.cz\/?page_id=445"},"modified":"2022-09-09T15:08:29","modified_gmt":"2022-09-09T13:08:29","slug":"taxes","status":"publish","type":"page","link":"https:\/\/intras.cz\/en\/services\/taxes\/","title":{"rendered":"Taxes"},"content":{"rendered":"<div class=\"wp-block-image\">\n<figure class=\"alignright size-large is-resized\"><img loading=\"lazy\" decoding=\"async\" src=\"https:\/\/intras.cz\/wp-content\/uploads\/2022\/09\/scale-2635397_1920-1024x569.jpg\" alt=\"\" class=\"wp-image-442\" width=\"463\" height=\"256\" srcset=\"https:\/\/intras.cz\/wp-content\/uploads\/2022\/09\/scale-2635397_1920-1024x569.jpg 1024w, https:\/\/intras.cz\/wp-content\/uploads\/2022\/09\/scale-2635397_1920-300x167.jpg 300w, https:\/\/intras.cz\/wp-content\/uploads\/2022\/09\/scale-2635397_1920-768x426.jpg 768w, https:\/\/intras.cz\/wp-content\/uploads\/2022\/09\/scale-2635397_1920-1536x853.jpg 1536w, https:\/\/intras.cz\/wp-content\/uploads\/2022\/09\/scale-2635397_1920-255x142.jpg 255w, https:\/\/intras.cz\/wp-content\/uploads\/2022\/09\/scale-2635397_1920-160x89.jpg 160w, https:\/\/intras.cz\/wp-content\/uploads\/2022\/09\/scale-2635397_1920.jpg 1920w\" sizes=\"auto, (max-width: 463px) 100vw, 463px\" \/><\/figure>\n<\/div>\n\n\n<p><strong>We take over responsibility for managing all our clients\u2018 tax obligations. <\/strong><\/p>\n\n\n\n<p>Within the legal framework, we address tax planning issues, including any international links and structures. We consult directly with tax experts abroad in the tax matters of those clients involved in multinational corporations.<\/p>\n\n\n\r\n\t\t<div  class=\"block-73c1a4c7-9893-4990-b131-cb3f515a2648 col areoi-element text-center col-12 col-sm-12 col-md-12 col-lg-12 col-xl-12 col-xxl-12\">\r\n\t\t\t\r\n\t\t\t\n\r\n\t\t\t\t\r\n\t\t<a \r\n\t\t\t\r\n\t\t\tclass=\"block-a5486b87-f020-47ab-813d-2627ecf969a0 btn areoi-has-url position-relative blue-button btn-primary btn-lg\"\r\n\t href=\"\/en\/services\/\" >\r\n\t\t\t\t\t\r\n\t\t\t\t\tView more services \r\n\t\t\t\t\t\r\n\t\t\t\t\t \r\n\t\t\t\t<\/a>\r\n\t\t\t\n \r\n\t\t\t\r\n\t\t<\/div>\r\n\t","protected":false},"excerpt":{"rendered":"<p>We take over responsibility for managing all our clients\u2018 tax obligations. Within the legal framework, we address tax planning issues, including any international links and structures. We consult directly with tax experts abroad in the tax matters of those clients involved in multinational corporations.<\/p>\n","protected":false},"author":1,"featured_media":0,"parent":407,"menu_order":20,"comment_status":"closed","ping_status":"closed","template":"page-sluzby.php","meta":{"footnotes":""},"class_list":["post-445","page","type-page","status-publish","hentry"],"yoast_head":"<!-- This site is optimized with the Yoast SEO plugin v22.7 - https:\/\/yoast.com\/wordpress\/plugins\/seo\/ -->\n<title>Taxes - Intras Consulting a.s. | \u00da\u010detnictv\u00ed, mzdy, dan\u011b<\/title>\n<meta name=\"robots\" content=\"index, follow, max-snippet:-1, max-image-preview:large, max-video-preview:-1\" \/>\n<link rel=\"canonical\" href=\"https:\/\/intras.cz\/en\/services\/taxes\/\" \/>\n<meta property=\"og:locale\" content=\"en_US\" \/>\n<meta property=\"og:type\" content=\"article\" \/>\n<meta property=\"og:title\" content=\"Taxes - Intras Consulting a.s. | \u00da\u010detnictv\u00ed, mzdy, dan\u011b\" \/>\n<meta property=\"og:description\" content=\"We take over responsibility for managing all our clients\u2018 tax obligations. Within the legal framework, we address tax planning issues, including any international links and structures. We consult directly with tax experts abroad in the tax matters of those clients involved in multinational corporations.\" \/>\n<meta property=\"og:url\" content=\"https:\/\/intras.cz\/en\/services\/taxes\/\" \/>\n<meta property=\"og:site_name\" content=\"Intras Consulting a.s. | \u00da\u010detnictv\u00ed, mzdy, dan\u011b\" \/>\n<meta property=\"article:modified_time\" content=\"2022-09-09T13:08:29+00:00\" \/>\n<meta property=\"og:image\" content=\"https:\/\/intras.cz\/wp-content\/uploads\/2022\/09\/scale-2635397_1920-1024x569.jpg\" \/>\n<meta name=\"twitter:card\" content=\"summary_large_image\" \/>\n<meta name=\"twitter:label1\" content=\"Est. reading time\" \/>\n\t<meta name=\"twitter:data1\" content=\"1 minute\" \/>\n<script type=\"application\/ld+json\" class=\"yoast-schema-graph\">{\"@context\":\"https:\/\/schema.org\",\"@graph\":[{\"@type\":\"WebPage\",\"@id\":\"https:\/\/intras.cz\/en\/services\/taxes\/\",\"url\":\"https:\/\/intras.cz\/en\/services\/taxes\/\",\"name\":\"Taxes - Intras Consulting a.s. | \u00da\u010detnictv\u00ed, mzdy, dan\u011b\",\"isPartOf\":{\"@id\":\"https:\/\/intras.cz\/en\/#website\"},\"primaryImageOfPage\":{\"@id\":\"https:\/\/intras.cz\/en\/services\/taxes\/#primaryimage\"},\"image\":{\"@id\":\"https:\/\/intras.cz\/en\/services\/taxes\/#primaryimage\"},\"thumbnailUrl\":\"https:\/\/intras.cz\/wp-content\/uploads\/2022\/09\/scale-2635397_1920-1024x569.jpg\",\"datePublished\":\"2022-08-09T13:30:05+00:00\",\"dateModified\":\"2022-09-09T13:08:29+00:00\",\"breadcrumb\":{\"@id\":\"https:\/\/intras.cz\/en\/services\/taxes\/#breadcrumb\"},\"inLanguage\":\"en-US\",\"potentialAction\":[{\"@type\":\"ReadAction\",\"target\":[\"https:\/\/intras.cz\/en\/services\/taxes\/\"]}]},{\"@type\":\"ImageObject\",\"inLanguage\":\"en-US\",\"@id\":\"https:\/\/intras.cz\/en\/services\/taxes\/#primaryimage\",\"url\":\"https:\/\/intras.cz\/wp-content\/uploads\/2022\/09\/scale-2635397_1920-1024x569.jpg\",\"contentUrl\":\"https:\/\/intras.cz\/wp-content\/uploads\/2022\/09\/scale-2635397_1920-1024x569.jpg\"},{\"@type\":\"BreadcrumbList\",\"@id\":\"https:\/\/intras.cz\/en\/services\/taxes\/#breadcrumb\",\"itemListElement\":[{\"@type\":\"ListItem\",\"position\":1,\"name\":\"Dom\u016f\",\"item\":\"https:\/\/intras.cz\/en\/\"},{\"@type\":\"ListItem\",\"position\":2,\"name\":\"Services\",\"item\":\"https:\/\/intras.cz\/en\/services\/\"},{\"@type\":\"ListItem\",\"position\":3,\"name\":\"Taxes\"}]},{\"@type\":\"WebSite\",\"@id\":\"https:\/\/intras.cz\/en\/#website\",\"url\":\"https:\/\/intras.cz\/en\/\",\"name\":\"Intras Consulting a.s. | \u00da\u010detnictv\u00ed, mzdy, dan\u011b\",\"description\":\"Spole\u010dnost pova\u017euje za sv\u00e9 posl\u00e1n\u00ed poskytovat vysoce kvalitn\u00ed zpracov\u00e1n\u00ed administrativn\u00edch \u00faloh za zlomek obvykl\u00e9 v\u00fd\u0161e n\u00e1klad\u016f na klientovy vlastn\u00ed zdroje.\",\"potentialAction\":[{\"@type\":\"SearchAction\",\"target\":{\"@type\":\"EntryPoint\",\"urlTemplate\":\"https:\/\/intras.cz\/en\/?s={search_term_string}\"},\"query-input\":\"required name=search_term_string\"}],\"inLanguage\":\"en-US\"}]}<\/script>\n<!-- \/ Yoast SEO plugin. -->","yoast_head_json":{"title":"Taxes - Intras Consulting a.s. | \u00da\u010detnictv\u00ed, mzdy, dan\u011b","robots":{"index":"index","follow":"follow","max-snippet":"max-snippet:-1","max-image-preview":"max-image-preview:large","max-video-preview":"max-video-preview:-1"},"canonical":"https:\/\/intras.cz\/en\/services\/taxes\/","og_locale":"en_US","og_type":"article","og_title":"Taxes - Intras Consulting a.s. | \u00da\u010detnictv\u00ed, mzdy, dan\u011b","og_description":"We take over responsibility for managing all our clients\u2018 tax obligations. Within the legal framework, we address tax planning issues, including any international links and structures. We consult directly with tax experts abroad in the tax matters of those clients involved in multinational corporations.","og_url":"https:\/\/intras.cz\/en\/services\/taxes\/","og_site_name":"Intras Consulting a.s. | \u00da\u010detnictv\u00ed, mzdy, dan\u011b","article_modified_time":"2022-09-09T13:08:29+00:00","og_image":[{"url":"https:\/\/intras.cz\/wp-content\/uploads\/2022\/09\/scale-2635397_1920-1024x569.jpg"}],"twitter_card":"summary_large_image","twitter_misc":{"Est. reading time":"1 minute"},"schema":{"@context":"https:\/\/schema.org","@graph":[{"@type":"WebPage","@id":"https:\/\/intras.cz\/en\/services\/taxes\/","url":"https:\/\/intras.cz\/en\/services\/taxes\/","name":"Taxes - Intras Consulting a.s. | \u00da\u010detnictv\u00ed, mzdy, dan\u011b","isPartOf":{"@id":"https:\/\/intras.cz\/en\/#website"},"primaryImageOfPage":{"@id":"https:\/\/intras.cz\/en\/services\/taxes\/#primaryimage"},"image":{"@id":"https:\/\/intras.cz\/en\/services\/taxes\/#primaryimage"},"thumbnailUrl":"https:\/\/intras.cz\/wp-content\/uploads\/2022\/09\/scale-2635397_1920-1024x569.jpg","datePublished":"2022-08-09T13:30:05+00:00","dateModified":"2022-09-09T13:08:29+00:00","breadcrumb":{"@id":"https:\/\/intras.cz\/en\/services\/taxes\/#breadcrumb"},"inLanguage":"en-US","potentialAction":[{"@type":"ReadAction","target":["https:\/\/intras.cz\/en\/services\/taxes\/"]}]},{"@type":"ImageObject","inLanguage":"en-US","@id":"https:\/\/intras.cz\/en\/services\/taxes\/#primaryimage","url":"https:\/\/intras.cz\/wp-content\/uploads\/2022\/09\/scale-2635397_1920-1024x569.jpg","contentUrl":"https:\/\/intras.cz\/wp-content\/uploads\/2022\/09\/scale-2635397_1920-1024x569.jpg"},{"@type":"BreadcrumbList","@id":"https:\/\/intras.cz\/en\/services\/taxes\/#breadcrumb","itemListElement":[{"@type":"ListItem","position":1,"name":"Dom\u016f","item":"https:\/\/intras.cz\/en\/"},{"@type":"ListItem","position":2,"name":"Services","item":"https:\/\/intras.cz\/en\/services\/"},{"@type":"ListItem","position":3,"name":"Taxes"}]},{"@type":"WebSite","@id":"https:\/\/intras.cz\/en\/#website","url":"https:\/\/intras.cz\/en\/","name":"Intras Consulting a.s. | \u00da\u010detnictv\u00ed, mzdy, dan\u011b","description":"Spole\u010dnost pova\u017euje za sv\u00e9 posl\u00e1n\u00ed poskytovat vysoce kvalitn\u00ed zpracov\u00e1n\u00ed administrativn\u00edch \u00faloh za zlomek obvykl\u00e9 v\u00fd\u0161e n\u00e1klad\u016f na klientovy vlastn\u00ed zdroje.","potentialAction":[{"@type":"SearchAction","target":{"@type":"EntryPoint","urlTemplate":"https:\/\/intras.cz\/en\/?s={search_term_string}"},"query-input":"required name=search_term_string"}],"inLanguage":"en-US"}]}},"_links":{"self":[{"href":"https:\/\/intras.cz\/en\/wp-json\/wp\/v2\/pages\/445","targetHints":{"allow":["GET"]}}],"collection":[{"href":"https:\/\/intras.cz\/en\/wp-json\/wp\/v2\/pages"}],"about":[{"href":"https:\/\/intras.cz\/en\/wp-json\/wp\/v2\/types\/page"}],"author":[{"embeddable":true,"href":"https:\/\/intras.cz\/en\/wp-json\/wp\/v2\/users\/1"}],"replies":[{"embeddable":true,"href":"https:\/\/intras.cz\/en\/wp-json\/wp\/v2\/comments?post=445"}],"version-history":[{"count":4,"href":"https:\/\/intras.cz\/en\/wp-json\/wp\/v2\/pages\/445\/revisions"}],"predecessor-version":[{"id":902,"href":"https:\/\/intras.cz\/en\/wp-json\/wp\/v2\/pages\/445\/revisions\/902"}],"up":[{"embeddable":true,"href":"https:\/\/intras.cz\/en\/wp-json\/wp\/v2\/pages\/407"}],"wp:attachment":[{"href":"https:\/\/intras.cz\/en\/wp-json\/wp\/v2\/media?parent=445"}],"curies":[{"name":"wp","href":"https:\/\/api.w.org\/{rel}","templated":true}]}}