{"id":415,"date":"2022-08-09T15:27:36","date_gmt":"2022-08-09T13:27:36","guid":{"rendered":"https:\/\/intras.cz\/services\/vedeni-ucetnictvi\/"},"modified":"2022-09-09T15:08:53","modified_gmt":"2022-09-09T13:08:53","slug":"bookkeeping","status":"publish","type":"page","link":"https:\/\/intras.cz\/en\/services\/bookkeeping\/","title":{"rendered":"Bookkeeping"},"content":{"rendered":"<div class=\"wp-block-image\">\n<figure class=\"alignright size-large is-resized\"><img loading=\"lazy\" decoding=\"async\" src=\"https:\/\/intras.cz\/wp-content\/uploads\/2022\/09\/calculator-1680905_1280-1024x682.jpg\" alt=\"\" class=\"wp-image-433\" width=\"516\" height=\"343\" srcset=\"https:\/\/intras.cz\/wp-content\/uploads\/2022\/09\/calculator-1680905_1280-1024x682.jpg 1024w, https:\/\/intras.cz\/wp-content\/uploads\/2022\/09\/calculator-1680905_1280-300x200.jpg 300w, https:\/\/intras.cz\/wp-content\/uploads\/2022\/09\/calculator-1680905_1280-768x512.jpg 768w, https:\/\/intras.cz\/wp-content\/uploads\/2022\/09\/calculator-1680905_1280-255x170.jpg 255w, https:\/\/intras.cz\/wp-content\/uploads\/2022\/09\/calculator-1680905_1280-160x107.jpg 160w, https:\/\/intras.cz\/wp-content\/uploads\/2022\/09\/calculator-1680905_1280-480x320.jpg 480w, https:\/\/intras.cz\/wp-content\/uploads\/2022\/09\/calculator-1680905_1280.jpg 1280w\" sizes=\"auto, (max-width: 516px) 100vw, 516px\" \/><\/figure>\n<\/div>\n\n\n<p><strong>We provide comprehensive accounting services<\/strong> especially to small- and medium-sized businesses and manufacturing companies. We set up our collaboration in line with the needs and expectations of the client \u2013 from personal visits to easy remote access to our servers. <\/p>\n\n\n\n<p>We work with different accounting programs, most often we use<br><strong>Helios Inuvio, Info Office and Pohoda<\/strong>. However, we also have specialists in <strong>Abra, SAP and Money S4<\/strong>. We book according to Czech standards, IFRS or US GAAP.<\/p>\n\n\n\r\n\t\t<div  class=\"block-91711c74-03a9-4338-96d7-489532326c51 col areoi-element text-center col-12 col-sm-12 col-md-12 col-lg-12 col-xl-12 col-xxl-12\">\r\n\t\t\t\r\n\t\t\t\n\r\n\t\t\t\t\r\n\t\t<a \r\n\t\t\t\r\n\t\t\tclass=\"block-f6a65c77-f72c-4d45-a27d-4a937e419e3d btn areoi-has-url position-relative blue-button btn-primary btn-lg\"\r\n\t href=\"\/en\/services\/\" >\r\n\t\t\t\t\t\r\n\t\t\t\t\tView more services \r\n\t\t\t\t\t\r\n\t\t\t\t\t \r\n\t\t\t\t<\/a>\r\n\t\t\t\n \r\n\t\t\t\r\n\t\t<\/div>\r\n\t","protected":false},"excerpt":{"rendered":"<p>We provide comprehensive accounting services especially to small- and medium-sized businesses and manufacturing companies. We set up our collaboration in line with the needs and expectations of the client \u2013 from personal visits to easy remote access to our servers. We work with different accounting programs, most often we useHelios Inuvio, Info Office and Pohoda. [&hellip;]<\/p>\n","protected":false},"author":1,"featured_media":0,"parent":407,"menu_order":10,"comment_status":"closed","ping_status":"closed","template":"page-sluzby.php","meta":{"footnotes":""},"class_list":["post-415","page","type-page","status-publish","hentry"],"yoast_head":"<!-- This site is optimized with the Yoast SEO plugin v22.7 - https:\/\/yoast.com\/wordpress\/plugins\/seo\/ -->\n<title>Bookkeeping - Intras Consulting a.s. | \u00da\u010detnictv\u00ed, mzdy, dan\u011b<\/title>\n<meta name=\"robots\" content=\"index, follow, max-snippet:-1, max-image-preview:large, max-video-preview:-1\" \/>\n<link rel=\"canonical\" href=\"https:\/\/intras.cz\/en\/services\/bookkeeping\/\" \/>\n<meta property=\"og:locale\" content=\"en_US\" \/>\n<meta property=\"og:type\" content=\"article\" \/>\n<meta property=\"og:title\" content=\"Bookkeeping - Intras Consulting a.s. | \u00da\u010detnictv\u00ed, mzdy, dan\u011b\" \/>\n<meta property=\"og:description\" content=\"We provide comprehensive accounting services especially to small- and medium-sized businesses and manufacturing companies. We set up our collaboration in line with the needs and expectations of the client \u2013 from personal visits to easy remote access to our servers. We work with different accounting programs, most often we useHelios Inuvio, Info Office and Pohoda. [&hellip;]\" \/>\n<meta property=\"og:url\" content=\"https:\/\/intras.cz\/en\/services\/bookkeeping\/\" \/>\n<meta property=\"og:site_name\" content=\"Intras Consulting a.s. | \u00da\u010detnictv\u00ed, mzdy, dan\u011b\" \/>\n<meta property=\"article:modified_time\" content=\"2022-09-09T13:08:53+00:00\" \/>\n<meta property=\"og:image\" content=\"https:\/\/intras.cz\/wp-content\/uploads\/2022\/09\/calculator-1680905_1280-1024x682.jpg\" \/>\n<meta name=\"twitter:card\" content=\"summary_large_image\" \/>\n<meta name=\"twitter:label1\" content=\"Est. reading time\" \/>\n\t<meta name=\"twitter:data1\" content=\"1 minute\" \/>\n<script type=\"application\/ld+json\" class=\"yoast-schema-graph\">{\"@context\":\"https:\/\/schema.org\",\"@graph\":[{\"@type\":\"WebPage\",\"@id\":\"https:\/\/intras.cz\/en\/services\/bookkeeping\/\",\"url\":\"https:\/\/intras.cz\/en\/services\/bookkeeping\/\",\"name\":\"Bookkeeping - Intras Consulting a.s. | \u00da\u010detnictv\u00ed, mzdy, dan\u011b\",\"isPartOf\":{\"@id\":\"https:\/\/intras.cz\/en\/#website\"},\"primaryImageOfPage\":{\"@id\":\"https:\/\/intras.cz\/en\/services\/bookkeeping\/#primaryimage\"},\"image\":{\"@id\":\"https:\/\/intras.cz\/en\/services\/bookkeeping\/#primaryimage\"},\"thumbnailUrl\":\"https:\/\/intras.cz\/wp-content\/uploads\/2022\/09\/calculator-1680905_1280-1024x682.jpg\",\"datePublished\":\"2022-08-09T13:27:36+00:00\",\"dateModified\":\"2022-09-09T13:08:53+00:00\",\"breadcrumb\":{\"@id\":\"https:\/\/intras.cz\/en\/services\/bookkeeping\/#breadcrumb\"},\"inLanguage\":\"en-US\",\"potentialAction\":[{\"@type\":\"ReadAction\",\"target\":[\"https:\/\/intras.cz\/en\/services\/bookkeeping\/\"]}]},{\"@type\":\"ImageObject\",\"inLanguage\":\"en-US\",\"@id\":\"https:\/\/intras.cz\/en\/services\/bookkeeping\/#primaryimage\",\"url\":\"https:\/\/intras.cz\/wp-content\/uploads\/2022\/09\/calculator-1680905_1280-1024x682.jpg\",\"contentUrl\":\"https:\/\/intras.cz\/wp-content\/uploads\/2022\/09\/calculator-1680905_1280-1024x682.jpg\"},{\"@type\":\"BreadcrumbList\",\"@id\":\"https:\/\/intras.cz\/en\/services\/bookkeeping\/#breadcrumb\",\"itemListElement\":[{\"@type\":\"ListItem\",\"position\":1,\"name\":\"Dom\u016f\",\"item\":\"https:\/\/intras.cz\/en\/\"},{\"@type\":\"ListItem\",\"position\":2,\"name\":\"Services\",\"item\":\"https:\/\/intras.cz\/en\/services\/\"},{\"@type\":\"ListItem\",\"position\":3,\"name\":\"Bookkeeping\"}]},{\"@type\":\"WebSite\",\"@id\":\"https:\/\/intras.cz\/en\/#website\",\"url\":\"https:\/\/intras.cz\/en\/\",\"name\":\"Intras Consulting a.s. | \u00da\u010detnictv\u00ed, mzdy, dan\u011b\",\"description\":\"Spole\u010dnost pova\u017euje za sv\u00e9 posl\u00e1n\u00ed poskytovat vysoce kvalitn\u00ed zpracov\u00e1n\u00ed administrativn\u00edch \u00faloh za zlomek obvykl\u00e9 v\u00fd\u0161e n\u00e1klad\u016f na klientovy vlastn\u00ed zdroje.\",\"potentialAction\":[{\"@type\":\"SearchAction\",\"target\":{\"@type\":\"EntryPoint\",\"urlTemplate\":\"https:\/\/intras.cz\/en\/?s={search_term_string}\"},\"query-input\":\"required name=search_term_string\"}],\"inLanguage\":\"en-US\"}]}<\/script>\n<!-- \/ Yoast SEO plugin. -->","yoast_head_json":{"title":"Bookkeeping - Intras Consulting a.s. | \u00da\u010detnictv\u00ed, mzdy, dan\u011b","robots":{"index":"index","follow":"follow","max-snippet":"max-snippet:-1","max-image-preview":"max-image-preview:large","max-video-preview":"max-video-preview:-1"},"canonical":"https:\/\/intras.cz\/en\/services\/bookkeeping\/","og_locale":"en_US","og_type":"article","og_title":"Bookkeeping - Intras Consulting a.s. | \u00da\u010detnictv\u00ed, mzdy, dan\u011b","og_description":"We provide comprehensive accounting services especially to small- and medium-sized businesses and manufacturing companies. We set up our collaboration in line with the needs and expectations of the client \u2013 from personal visits to easy remote access to our servers. We work with different accounting programs, most often we useHelios Inuvio, Info Office and Pohoda. [&hellip;]","og_url":"https:\/\/intras.cz\/en\/services\/bookkeeping\/","og_site_name":"Intras Consulting a.s. | \u00da\u010detnictv\u00ed, mzdy, dan\u011b","article_modified_time":"2022-09-09T13:08:53+00:00","og_image":[{"url":"https:\/\/intras.cz\/wp-content\/uploads\/2022\/09\/calculator-1680905_1280-1024x682.jpg"}],"twitter_card":"summary_large_image","twitter_misc":{"Est. reading time":"1 minute"},"schema":{"@context":"https:\/\/schema.org","@graph":[{"@type":"WebPage","@id":"https:\/\/intras.cz\/en\/services\/bookkeeping\/","url":"https:\/\/intras.cz\/en\/services\/bookkeeping\/","name":"Bookkeeping - Intras Consulting a.s. | \u00da\u010detnictv\u00ed, mzdy, dan\u011b","isPartOf":{"@id":"https:\/\/intras.cz\/en\/#website"},"primaryImageOfPage":{"@id":"https:\/\/intras.cz\/en\/services\/bookkeeping\/#primaryimage"},"image":{"@id":"https:\/\/intras.cz\/en\/services\/bookkeeping\/#primaryimage"},"thumbnailUrl":"https:\/\/intras.cz\/wp-content\/uploads\/2022\/09\/calculator-1680905_1280-1024x682.jpg","datePublished":"2022-08-09T13:27:36+00:00","dateModified":"2022-09-09T13:08:53+00:00","breadcrumb":{"@id":"https:\/\/intras.cz\/en\/services\/bookkeeping\/#breadcrumb"},"inLanguage":"en-US","potentialAction":[{"@type":"ReadAction","target":["https:\/\/intras.cz\/en\/services\/bookkeeping\/"]}]},{"@type":"ImageObject","inLanguage":"en-US","@id":"https:\/\/intras.cz\/en\/services\/bookkeeping\/#primaryimage","url":"https:\/\/intras.cz\/wp-content\/uploads\/2022\/09\/calculator-1680905_1280-1024x682.jpg","contentUrl":"https:\/\/intras.cz\/wp-content\/uploads\/2022\/09\/calculator-1680905_1280-1024x682.jpg"},{"@type":"BreadcrumbList","@id":"https:\/\/intras.cz\/en\/services\/bookkeeping\/#breadcrumb","itemListElement":[{"@type":"ListItem","position":1,"name":"Dom\u016f","item":"https:\/\/intras.cz\/en\/"},{"@type":"ListItem","position":2,"name":"Services","item":"https:\/\/intras.cz\/en\/services\/"},{"@type":"ListItem","position":3,"name":"Bookkeeping"}]},{"@type":"WebSite","@id":"https:\/\/intras.cz\/en\/#website","url":"https:\/\/intras.cz\/en\/","name":"Intras Consulting a.s. | \u00da\u010detnictv\u00ed, mzdy, dan\u011b","description":"Spole\u010dnost pova\u017euje za sv\u00e9 posl\u00e1n\u00ed poskytovat vysoce kvalitn\u00ed zpracov\u00e1n\u00ed administrativn\u00edch \u00faloh za zlomek obvykl\u00e9 v\u00fd\u0161e n\u00e1klad\u016f na klientovy vlastn\u00ed zdroje.","potentialAction":[{"@type":"SearchAction","target":{"@type":"EntryPoint","urlTemplate":"https:\/\/intras.cz\/en\/?s={search_term_string}"},"query-input":"required name=search_term_string"}],"inLanguage":"en-US"}]}},"_links":{"self":[{"href":"https:\/\/intras.cz\/en\/wp-json\/wp\/v2\/pages\/415","targetHints":{"allow":["GET"]}}],"collection":[{"href":"https:\/\/intras.cz\/en\/wp-json\/wp\/v2\/pages"}],"about":[{"href":"https:\/\/intras.cz\/en\/wp-json\/wp\/v2\/types\/page"}],"author":[{"embeddable":true,"href":"https:\/\/intras.cz\/en\/wp-json\/wp\/v2\/users\/1"}],"replies":[{"embeddable":true,"href":"https:\/\/intras.cz\/en\/wp-json\/wp\/v2\/comments?post=415"}],"version-history":[{"count":5,"href":"https:\/\/intras.cz\/en\/wp-json\/wp\/v2\/pages\/415\/revisions"}],"predecessor-version":[{"id":903,"href":"https:\/\/intras.cz\/en\/wp-json\/wp\/v2\/pages\/415\/revisions\/903"}],"up":[{"embeddable":true,"href":"https:\/\/intras.cz\/en\/wp-json\/wp\/v2\/pages\/407"}],"wp:attachment":[{"href":"https:\/\/intras.cz\/en\/wp-json\/wp\/v2\/media?parent=415"}],"curies":[{"name":"wp","href":"https:\/\/api.w.org\/{rel}","templated":true}]}}