{"id":407,"date":"2022-08-09T10:21:11","date_gmt":"2022-08-09T08:21:11","guid":{"rendered":"https:\/\/intras.cz\/?page_id=407"},"modified":"2022-09-07T18:00:04","modified_gmt":"2022-09-07T16:00:04","slug":"services","status":"publish","type":"page","link":"https:\/\/intras.cz\/en\/services\/","title":{"rendered":"Services"},"content":{"rendered":"\r\n              <div class=\"row justify-content-center list-subpages\">\r\n                <div class=\"col-12\">\r\n                  <ul id=\"subpages\"><li class=\"page_item page-item-415\"><a href=\"https:\/\/intras.cz\/en\/services\/bookkeeping\/\">Bookkeeping<\/a><\/li><li class=\"page_item page-item-445\"><a href=\"https:\/\/intras.cz\/en\/services\/taxes\/\">Taxes<\/a><\/li><li class=\"page_item page-item-453\"><a href=\"https:\/\/intras.cz\/en\/services\/payroll-accounting-hr\/\">Payroll Accounting &#038; HR<\/a><\/li><li class=\"page_item page-item-460\"><a href=\"https:\/\/intras.cz\/en\/services\/reporting-and-controlling\/\">Reporting and controlling<\/a><\/li><li class=\"page_item page-item-466\"><a href=\"https:\/\/intras.cz\/en\/services\/audit-services\/\">Audit services<\/a><\/li><li class=\"page_item page-item-470\"><a href=\"https:\/\/intras.cz\/en\/services\/transformations-and-corporate-governance\/\">Transformations and corporate governance<\/a><\/li><li class=\"page_item page-item-478\"><a href=\"https:\/\/intras.cz\/en\/services\/legal-services\/\">Legal services<\/a><\/li><li class=\"page_item page-item-485\"><a href=\"https:\/\/intras.cz\/en\/services\/financial-management\/\">Financial management<\/a><\/li><li class=\"page_item page-item-491\"><a href=\"https:\/\/intras.cz\/en\/services\/transfer-pricing\/\">Transfer pricing<\/a><\/li><li class=\"page_item page-item-493\"><a href=\"https:\/\/intras.cz\/en\/services\/intrastat\/\">Intrastat<\/a><\/li><li class=\"page_item page-item-496\"><a href=\"https:\/\/intras.cz\/en\/services\/business-management-analysis\/\">Business management analysis<\/a><\/li><\/ul>\r\n                <\/div>\r\n              <\/div>\r\n            \n\n\n\n<div style=\"height:49px\" aria-hidden=\"true\" class=\"wp-block-spacer\"><\/div>\n\n\n\n<p>Our service is client processing of agendas, so-called outsourcing, in other words to exclude part of your processes out of your company and reduce your fixed costs.<\/p>\n\n\n\n<p>We understand that bookkeeping, taxes, payroll, and other back-office tasks are not at the top of your priority list.<\/p>\n\n\n\n<p>That is why we fully manage those tasks and save you money along the way \u2013 so you can focus on growing your business.<\/p>\n\n\n\n<p>Outsourcing means low fixed monthly fees and a&nbsp;great opportunity to reduce the high cost of on-staff and\/or part-time bookkeeping personnel, along with the hours devoted to interviewing, hiring and training employees.&nbsp;&nbsp; It is the way to eliminate the costs of expensive hardware and software upgrades, as well as costly repairs and maintenance of existing computer equipment and\/or the investment in new technology.<\/p>\n","protected":false},"excerpt":{"rendered":"<p>Our service is client processing of agendas, so-called outsourcing, in other words to exclude part of your processes out of your company and reduce your fixed costs. We understand that bookkeeping, taxes, payroll, and other back-office tasks are not at the top of your priority list. That is why we fully manage those tasks and [&hellip;]<\/p>\n","protected":false},"author":1,"featured_media":0,"parent":0,"menu_order":0,"comment_status":"closed","ping_status":"closed","template":"page-sluzby.php","meta":{"footnotes":""},"class_list":["post-407","page","type-page","status-publish","hentry"],"yoast_head":"<!-- This site is optimized with the Yoast SEO plugin v22.7 - https:\/\/yoast.com\/wordpress\/plugins\/seo\/ -->\n<title>Services - Intras Consulting a.s. | \u00da\u010detnictv\u00ed, mzdy, dan\u011b<\/title>\n<meta name=\"robots\" content=\"index, follow, max-snippet:-1, max-image-preview:large, max-video-preview:-1\" \/>\n<link rel=\"canonical\" href=\"https:\/\/intras.cz\/en\/services\/\" \/>\n<meta property=\"og:locale\" content=\"en_US\" \/>\n<meta property=\"og:type\" content=\"article\" \/>\n<meta property=\"og:title\" content=\"Services - Intras Consulting a.s. | \u00da\u010detnictv\u00ed, mzdy, dan\u011b\" \/>\n<meta property=\"og:description\" content=\"Our service is client processing of agendas, so-called outsourcing, in other words to exclude part of your processes out of your company and reduce your fixed costs. We understand that bookkeeping, taxes, payroll, and other back-office tasks are not at the top of your priority list. That is why we fully manage those tasks and [&hellip;]\" \/>\n<meta property=\"og:url\" content=\"https:\/\/intras.cz\/en\/services\/\" \/>\n<meta property=\"og:site_name\" content=\"Intras Consulting a.s. | \u00da\u010detnictv\u00ed, mzdy, dan\u011b\" \/>\n<meta property=\"article:modified_time\" content=\"2022-09-07T16:00:04+00:00\" \/>\n<meta name=\"twitter:card\" content=\"summary_large_image\" \/>\n<meta name=\"twitter:label1\" content=\"Est. reading time\" \/>\n\t<meta name=\"twitter:data1\" content=\"1 minute\" \/>\n<script type=\"application\/ld+json\" class=\"yoast-schema-graph\">{\"@context\":\"https:\/\/schema.org\",\"@graph\":[{\"@type\":\"WebPage\",\"@id\":\"https:\/\/intras.cz\/en\/services\/\",\"url\":\"https:\/\/intras.cz\/en\/services\/\",\"name\":\"Services - Intras Consulting a.s. | \u00da\u010detnictv\u00ed, mzdy, dan\u011b\",\"isPartOf\":{\"@id\":\"https:\/\/intras.cz\/en\/#website\"},\"datePublished\":\"2022-08-09T08:21:11+00:00\",\"dateModified\":\"2022-09-07T16:00:04+00:00\",\"breadcrumb\":{\"@id\":\"https:\/\/intras.cz\/en\/services\/#breadcrumb\"},\"inLanguage\":\"en-US\",\"potentialAction\":[{\"@type\":\"ReadAction\",\"target\":[\"https:\/\/intras.cz\/en\/services\/\"]}]},{\"@type\":\"BreadcrumbList\",\"@id\":\"https:\/\/intras.cz\/en\/services\/#breadcrumb\",\"itemListElement\":[{\"@type\":\"ListItem\",\"position\":1,\"name\":\"Dom\u016f\",\"item\":\"https:\/\/intras.cz\/en\/\"},{\"@type\":\"ListItem\",\"position\":2,\"name\":\"Services\"}]},{\"@type\":\"WebSite\",\"@id\":\"https:\/\/intras.cz\/en\/#website\",\"url\":\"https:\/\/intras.cz\/en\/\",\"name\":\"Intras Consulting a.s. | \u00da\u010detnictv\u00ed, mzdy, dan\u011b\",\"description\":\"Spole\u010dnost pova\u017euje za sv\u00e9 posl\u00e1n\u00ed poskytovat vysoce kvalitn\u00ed zpracov\u00e1n\u00ed administrativn\u00edch \u00faloh za zlomek obvykl\u00e9 v\u00fd\u0161e n\u00e1klad\u016f na klientovy vlastn\u00ed zdroje.\",\"potentialAction\":[{\"@type\":\"SearchAction\",\"target\":{\"@type\":\"EntryPoint\",\"urlTemplate\":\"https:\/\/intras.cz\/en\/?s={search_term_string}\"},\"query-input\":\"required name=search_term_string\"}],\"inLanguage\":\"en-US\"}]}<\/script>\n<!-- \/ Yoast SEO plugin. -->","yoast_head_json":{"title":"Services - Intras Consulting a.s. | \u00da\u010detnictv\u00ed, mzdy, dan\u011b","robots":{"index":"index","follow":"follow","max-snippet":"max-snippet:-1","max-image-preview":"max-image-preview:large","max-video-preview":"max-video-preview:-1"},"canonical":"https:\/\/intras.cz\/en\/services\/","og_locale":"en_US","og_type":"article","og_title":"Services - Intras Consulting a.s. | \u00da\u010detnictv\u00ed, mzdy, dan\u011b","og_description":"Our service is client processing of agendas, so-called outsourcing, in other words to exclude part of your processes out of your company and reduce your fixed costs. We understand that bookkeeping, taxes, payroll, and other back-office tasks are not at the top of your priority list. That is why we fully manage those tasks and [&hellip;]","og_url":"https:\/\/intras.cz\/en\/services\/","og_site_name":"Intras Consulting a.s. | \u00da\u010detnictv\u00ed, mzdy, dan\u011b","article_modified_time":"2022-09-07T16:00:04+00:00","twitter_card":"summary_large_image","twitter_misc":{"Est. reading time":"1 minute"},"schema":{"@context":"https:\/\/schema.org","@graph":[{"@type":"WebPage","@id":"https:\/\/intras.cz\/en\/services\/","url":"https:\/\/intras.cz\/en\/services\/","name":"Services - Intras Consulting a.s. | \u00da\u010detnictv\u00ed, mzdy, dan\u011b","isPartOf":{"@id":"https:\/\/intras.cz\/en\/#website"},"datePublished":"2022-08-09T08:21:11+00:00","dateModified":"2022-09-07T16:00:04+00:00","breadcrumb":{"@id":"https:\/\/intras.cz\/en\/services\/#breadcrumb"},"inLanguage":"en-US","potentialAction":[{"@type":"ReadAction","target":["https:\/\/intras.cz\/en\/services\/"]}]},{"@type":"BreadcrumbList","@id":"https:\/\/intras.cz\/en\/services\/#breadcrumb","itemListElement":[{"@type":"ListItem","position":1,"name":"Dom\u016f","item":"https:\/\/intras.cz\/en\/"},{"@type":"ListItem","position":2,"name":"Services"}]},{"@type":"WebSite","@id":"https:\/\/intras.cz\/en\/#website","url":"https:\/\/intras.cz\/en\/","name":"Intras Consulting a.s. | \u00da\u010detnictv\u00ed, mzdy, dan\u011b","description":"Spole\u010dnost pova\u017euje za sv\u00e9 posl\u00e1n\u00ed poskytovat vysoce kvalitn\u00ed zpracov\u00e1n\u00ed administrativn\u00edch \u00faloh za zlomek obvykl\u00e9 v\u00fd\u0161e n\u00e1klad\u016f na klientovy vlastn\u00ed zdroje.","potentialAction":[{"@type":"SearchAction","target":{"@type":"EntryPoint","urlTemplate":"https:\/\/intras.cz\/en\/?s={search_term_string}"},"query-input":"required name=search_term_string"}],"inLanguage":"en-US"}]}},"_links":{"self":[{"href":"https:\/\/intras.cz\/en\/wp-json\/wp\/v2\/pages\/407","targetHints":{"allow":["GET"]}}],"collection":[{"href":"https:\/\/intras.cz\/en\/wp-json\/wp\/v2\/pages"}],"about":[{"href":"https:\/\/intras.cz\/en\/wp-json\/wp\/v2\/types\/page"}],"author":[{"embeddable":true,"href":"https:\/\/intras.cz\/en\/wp-json\/wp\/v2\/users\/1"}],"replies":[{"embeddable":true,"href":"https:\/\/intras.cz\/en\/wp-json\/wp\/v2\/comments?post=407"}],"version-history":[{"count":9,"href":"https:\/\/intras.cz\/en\/wp-json\/wp\/v2\/pages\/407\/revisions"}],"predecessor-version":[{"id":680,"href":"https:\/\/intras.cz\/en\/wp-json\/wp\/v2\/pages\/407\/revisions\/680"}],"wp:attachment":[{"href":"https:\/\/intras.cz\/en\/wp-json\/wp\/v2\/media?parent=407"}],"curies":[{"name":"wp","href":"https:\/\/api.w.org\/{rel}","templated":true}]}}