{"id":23,"date":"2022-07-04T13:05:45","date_gmt":"2022-07-04T11:05:45","guid":{"rendered":"https:\/\/intras.cz\/?page_id=23"},"modified":"2023-02-14T13:17:25","modified_gmt":"2023-02-14T12:17:25","slug":"contact","status":"publish","type":"page","link":"https:\/\/intras.cz\/en\/contact\/","title":{"rendered":"Contact"},"content":{"rendered":"\r\n\t\t<div  class=\"block-7e5d3034-34c3-43cf-84aa-d72c141988a2 areoi-element container hp-contact\">\r\n\t\t\t\r\n\t\t\t\n\r\n\t\t<div  class=\"block-6b9e978e-4ed5-4473-bea6-5a3434f9fc2b row areoi-element\">\r\n\t\t\t\r\n\r\n\t\t\t\n\r\n\t\t<div  class=\"block-0d4d3c5c-35b7-41ea-b3bb-f44c0832a73f col areoi-element col-12 col-lg-4\">\r\n\t\t\t\r\n\t\t\t\n\r\n\t\t<div  class=\"block-03699956-569a-425f-847d-e5cbcc968811 areoi-element bg-dark-grey contact-inner\">\r\n\t\t\t\r\n\t\t\t\n\n<h3 class=\"has-text-align-center wp-block-heading\">Branch Most<\/h3>\n\n\n\n<div style=\"height:20px\" aria-hidden=\"true\" class=\"wp-block-spacer\"><\/div>\n\n\n\n<div class=\"wp-block-group hp-contact-text\"><div class=\"wp-block-group__inner-container is-layout-flow wp-block-group-is-layout-flow\">\n<p class=\"has-text-align-center\"><i class=\"fas fa-map-marker-alt\"><\/i> T\u0159\u00edda Budovatel\u016f 2957, 434&nbsp;01 Most<\/p>\n\n\n\n<p class=\"has-text-align-center\"><a href=\"mailto:info@intras.cz\"><i class=\"far fa-envelope\"><\/i> info@intras.cz<\/a><\/p>\n\n\n\n<p class=\"has-text-align-center\"><i class=\"fas fa-phone\"><\/i> <a href=\"tel:+420417639386\"> +420 417 639 386<\/a><\/p>\n\n\n\n<p class=\"has-text-align-center\"><i class=\"fas fa-user-alt\"><\/i> Ing. Petra Kdolsk\u00e1 &#8211; Senior HR &amp; Payroll Specialist<\/p>\n\n\n\n<p class=\"has-text-align-center\"><i class=\"fas fa-building\"><\/i> \u010d\u00edslo provozovny: 1005925976<\/p>\n<\/div><\/div>\n\n\n\n<iframe loading=\"lazy\" style=\"border:none\" src=\"https:\/\/frame.mapy.cz\/s\/nogojazumu\" width=\"350\" height=\"350\" frameborder=\"0\"><\/iframe>\n\n\r\n\t\t\t \r\n\t\t<\/div>\r\n\t\n \r\n\t\t\t\r\n\t\t<\/div>\r\n\t\n\n\r\n\t\t<div  class=\"block-b333446f-081e-4144-aa6b-6dab6e9b3971 col areoi-element col-12 col-lg-4\">\r\n\t\t\t\r\n\t\t\t\n\r\n\t\t<div  class=\"block-8dbd756c-2cdd-4404-ba36-0d60d92dfe22 areoi-element bg-blue contact-inner\">\r\n\t\t\t\r\n\t\t\t\n\n<h3 class=\"has-text-align-center wp-block-heading\">Praha<\/h3>\n\n\n\n<div style=\"height:20px\" aria-hidden=\"true\" class=\"wp-block-spacer\"><\/div>\n\n\n\n<div class=\"wp-block-group hp-contact-text\"><div class=\"wp-block-group__inner-container is-layout-flow wp-block-group-is-layout-flow\">\n<p class=\"has-text-align-center\"><i class=\"fas fa-map-marker-alt\"><\/i> Na Okraji 335\/42, 162&nbsp;00 Praha&nbsp;6<\/p>\n\n\n\n<p class=\"has-text-align-center\"> <a href=\"mailto:info@intras.cz\"><i class=\"far fa-envelope\"><\/i> info@intras.cz<\/a><\/p>\n\n\n\n<p class=\"has-text-align-center\"><i class=\"fas fa-phone\"><\/i> <a href=\"tel:+420224319912\">+420 224 319 912<\/a><\/p>\n\n\n\n<p class=\"has-text-align-center\"><i class=\"fas fa-mobile-alt\"><\/i> <a href=\"tel:+420721747937\">+420 721 747 937<\/a><\/p>\n\n\n\n<p class=\"has-text-align-center\"><i class=\"fas fa-user-alt\"><\/i> Veronika \u010c\u00e1pov\u00e1 &#8211; Office Manager<\/p>\n\n\n\n<p class=\"has-text-align-center\"><a href=\"mailto:veronika.capova@intras.cz\"><i class=\"far fa-envelope\"><\/i> veronika.capova@intras.cz<\/a><\/p>\n<\/div><\/div>\n\n\n\n<iframe loading=\"lazy\" style=\"border:none\" src=\"https:\/\/frame.mapy.cz\/s\/hezaluhafe\" width=\"350\" height=\"350\" frameborder=\"0\"><\/iframe>\n\n\r\n\t\t\t \r\n\t\t<\/div>\r\n\t\n \r\n\t\t\t\r\n\t\t<\/div>\r\n\t\n\n\r\n\t\t<div  class=\"block-ba226731-90f7-4d68-90f2-27ef0ee5a831 col areoi-element col-12 col-lg-4\">\r\n\t\t\t\r\n\t\t\t\n\r\n\t\t<div  class=\"block-befab568-1c8f-48a9-9623-5f777337502c areoi-element bg-dark-grey contact-inner\">\r\n\t\t\t\r\n\t\t\t\n\n<h3 class=\"has-text-align-center wp-block-heading\">Branch Ostrava<\/h3>\n\n\n\n<div style=\"height:20px\" aria-hidden=\"true\" class=\"wp-block-spacer\"><\/div>\n\n\n\n<div class=\"wp-block-group hp-contact-text\"><div class=\"wp-block-group__inner-container is-layout-flow wp-block-group-is-layout-flow\">\n<p class=\"has-text-align-center\"><i class=\"fas fa-map-marker-alt\"><\/i> Nad Porubkou 2227\/31, 708&nbsp;00 Ostrava &#8211; Poruba<\/p>\n\n\n\n<p class=\"has-text-align-center\"><i class=\"fas fa-mobile-alt\"><\/i> <a href=\"tel:+420417639386\">+420 725 817 904<\/a><\/p>\n\n\n\n<p class=\"has-text-align-center\"><i class=\"fas fa-user-alt\"><\/i> Ing. Iva Srbov\u00e1 &#8211; Certificated Tax Advisor<\/p>\n\n\n\n<p class=\"has-text-align-center\"><a href=\"mailto:iva.srbova@intras.cz\"><i class=\"far fa-envelope\"><\/i> iva.srbova@intras.cz<\/a><\/p>\n\n\n\n<p class=\"has-text-align-center\"><i class=\"fas fa-building\"><\/i> \u010c\u00edslo provozovny: 1014249678<\/p>\n<\/div><\/div>\n\n\n\n<iframe loading=\"lazy\" style=\"border:none\" src=\"https:\/\/frame.mapy.cz\/s\/kefobavoda\" width=\"350\" height=\"350\" frameborder=\"0\"><\/iframe>\n\n\r\n\t\t\t \r\n\t\t<\/div>\r\n\t\n \r\n\t\t\t\r\n\t\t<\/div>\r\n\t\n \r\n\t\t<\/div>\r\n\t\n \r\n\t\t<\/div>\r\n\t\n\n\n<div style=\"height:49px\" aria-hidden=\"true\" class=\"wp-block-spacer\"><\/div>\n\n\n\n<h2 class=\"wp-block-heading\" style=\"font-size:18px\">TRADE LICENCES<\/h2>\n\n\n\n<h3 class=\"wp-block-heading\">Intras Consulting, a.s. has two issued trade licences<\/h3>\n\n\n\n<p>Subject of business: Accounting consultancy, bookkeeping, tax records.<br>Subject of business: Production and services not listed in Annexes 1 to 3 of the Trades Licencing Act.<\/p>\n\n\n\n<p>Fields of activity:&nbsp;<strong>Business, financial, organisational and economic consultancy.<\/strong><\/p>\n\n\n\n<p>The company is registered at the Commercial Register maintained by the Municipal Court in Prague, Section B, Insert 2297.<\/p>\n","protected":false},"excerpt":{"rendered":"<p>TRADE LICENCES Intras Consulting, a.s. has two issued trade licences Subject of business: Accounting consultancy, bookkeeping, tax records.Subject of business: Production and services not listed in Annexes 1 to 3 of the Trades Licencing Act. Fields of activity:&nbsp;Business, financial, organisational and economic consultancy. The company is registered at the Commercial Register maintained by the Municipal [&hellip;]<\/p>\n","protected":false},"author":1,"featured_media":0,"parent":0,"menu_order":0,"comment_status":"closed","ping_status":"closed","template":"","meta":{"footnotes":""},"class_list":["post-23","page","type-page","status-publish","hentry"],"yoast_head":"<!-- This site is optimized with the Yoast SEO plugin v22.7 - https:\/\/yoast.com\/wordpress\/plugins\/seo\/ -->\n<title>Contact - Intras Consulting a.s. | \u00da\u010detnictv\u00ed, mzdy, dan\u011b<\/title>\n<meta name=\"robots\" content=\"index, follow, max-snippet:-1, max-image-preview:large, max-video-preview:-1\" \/>\n<link rel=\"canonical\" href=\"https:\/\/intras.cz\/en\/contact\/\" \/>\n<meta property=\"og:locale\" content=\"en_US\" \/>\n<meta property=\"og:type\" content=\"article\" \/>\n<meta property=\"og:title\" content=\"Contact - Intras Consulting a.s. | \u00da\u010detnictv\u00ed, mzdy, dan\u011b\" \/>\n<meta property=\"og:description\" content=\"TRADE LICENCES Intras Consulting, a.s. has two issued trade licences Subject of business: Accounting consultancy, bookkeeping, tax records.Subject of business: Production and services not listed in Annexes 1 to 3 of the Trades Licencing Act. Fields of activity:&nbsp;Business, financial, organisational and economic consultancy. The company is registered at the Commercial Register maintained by the Municipal [&hellip;]\" \/>\n<meta property=\"og:url\" content=\"https:\/\/intras.cz\/en\/contact\/\" \/>\n<meta property=\"og:site_name\" content=\"Intras Consulting a.s. | \u00da\u010detnictv\u00ed, mzdy, dan\u011b\" \/>\n<meta property=\"article:modified_time\" content=\"2023-02-14T12:17:25+00:00\" \/>\n<meta name=\"twitter:card\" content=\"summary_large_image\" \/>\n<meta name=\"twitter:label1\" content=\"Est. reading time\" \/>\n\t<meta name=\"twitter:data1\" content=\"1 minute\" \/>\n<script type=\"application\/ld+json\" class=\"yoast-schema-graph\">{\"@context\":\"https:\/\/schema.org\",\"@graph\":[{\"@type\":\"WebPage\",\"@id\":\"https:\/\/intras.cz\/en\/contact\/\",\"url\":\"https:\/\/intras.cz\/en\/contact\/\",\"name\":\"Contact - Intras Consulting a.s. | \u00da\u010detnictv\u00ed, mzdy, dan\u011b\",\"isPartOf\":{\"@id\":\"https:\/\/intras.cz\/en\/#website\"},\"datePublished\":\"2022-07-04T11:05:45+00:00\",\"dateModified\":\"2023-02-14T12:17:25+00:00\",\"breadcrumb\":{\"@id\":\"https:\/\/intras.cz\/en\/contact\/#breadcrumb\"},\"inLanguage\":\"en-US\",\"potentialAction\":[{\"@type\":\"ReadAction\",\"target\":[\"https:\/\/intras.cz\/en\/contact\/\"]}]},{\"@type\":\"BreadcrumbList\",\"@id\":\"https:\/\/intras.cz\/en\/contact\/#breadcrumb\",\"itemListElement\":[{\"@type\":\"ListItem\",\"position\":1,\"name\":\"Dom\u016f\",\"item\":\"https:\/\/intras.cz\/en\/\"},{\"@type\":\"ListItem\",\"position\":2,\"name\":\"Contact\"}]},{\"@type\":\"WebSite\",\"@id\":\"https:\/\/intras.cz\/en\/#website\",\"url\":\"https:\/\/intras.cz\/en\/\",\"name\":\"Intras Consulting a.s. | \u00da\u010detnictv\u00ed, mzdy, dan\u011b\",\"description\":\"Spole\u010dnost pova\u017euje za sv\u00e9 posl\u00e1n\u00ed poskytovat vysoce kvalitn\u00ed zpracov\u00e1n\u00ed administrativn\u00edch \u00faloh za zlomek obvykl\u00e9 v\u00fd\u0161e n\u00e1klad\u016f na klientovy vlastn\u00ed zdroje.\",\"potentialAction\":[{\"@type\":\"SearchAction\",\"target\":{\"@type\":\"EntryPoint\",\"urlTemplate\":\"https:\/\/intras.cz\/en\/?s={search_term_string}\"},\"query-input\":\"required name=search_term_string\"}],\"inLanguage\":\"en-US\"}]}<\/script>\n<!-- \/ Yoast SEO plugin. -->","yoast_head_json":{"title":"Contact - Intras Consulting a.s. | \u00da\u010detnictv\u00ed, mzdy, dan\u011b","robots":{"index":"index","follow":"follow","max-snippet":"max-snippet:-1","max-image-preview":"max-image-preview:large","max-video-preview":"max-video-preview:-1"},"canonical":"https:\/\/intras.cz\/en\/contact\/","og_locale":"en_US","og_type":"article","og_title":"Contact - Intras Consulting a.s. | \u00da\u010detnictv\u00ed, mzdy, dan\u011b","og_description":"TRADE LICENCES Intras Consulting, a.s. has two issued trade licences Subject of business: Accounting consultancy, bookkeeping, tax records.Subject of business: Production and services not listed in Annexes 1 to 3 of the Trades Licencing Act. Fields of activity:&nbsp;Business, financial, organisational and economic consultancy. The company is registered at the Commercial Register maintained by the Municipal [&hellip;]","og_url":"https:\/\/intras.cz\/en\/contact\/","og_site_name":"Intras Consulting a.s. | \u00da\u010detnictv\u00ed, mzdy, dan\u011b","article_modified_time":"2023-02-14T12:17:25+00:00","twitter_card":"summary_large_image","twitter_misc":{"Est. reading time":"1 minute"},"schema":{"@context":"https:\/\/schema.org","@graph":[{"@type":"WebPage","@id":"https:\/\/intras.cz\/en\/contact\/","url":"https:\/\/intras.cz\/en\/contact\/","name":"Contact - Intras Consulting a.s. | \u00da\u010detnictv\u00ed, mzdy, dan\u011b","isPartOf":{"@id":"https:\/\/intras.cz\/en\/#website"},"datePublished":"2022-07-04T11:05:45+00:00","dateModified":"2023-02-14T12:17:25+00:00","breadcrumb":{"@id":"https:\/\/intras.cz\/en\/contact\/#breadcrumb"},"inLanguage":"en-US","potentialAction":[{"@type":"ReadAction","target":["https:\/\/intras.cz\/en\/contact\/"]}]},{"@type":"BreadcrumbList","@id":"https:\/\/intras.cz\/en\/contact\/#breadcrumb","itemListElement":[{"@type":"ListItem","position":1,"name":"Dom\u016f","item":"https:\/\/intras.cz\/en\/"},{"@type":"ListItem","position":2,"name":"Contact"}]},{"@type":"WebSite","@id":"https:\/\/intras.cz\/en\/#website","url":"https:\/\/intras.cz\/en\/","name":"Intras Consulting a.s. | \u00da\u010detnictv\u00ed, mzdy, dan\u011b","description":"Spole\u010dnost pova\u017euje za sv\u00e9 posl\u00e1n\u00ed poskytovat vysoce kvalitn\u00ed zpracov\u00e1n\u00ed administrativn\u00edch \u00faloh za zlomek obvykl\u00e9 v\u00fd\u0161e n\u00e1klad\u016f na klientovy vlastn\u00ed zdroje.","potentialAction":[{"@type":"SearchAction","target":{"@type":"EntryPoint","urlTemplate":"https:\/\/intras.cz\/en\/?s={search_term_string}"},"query-input":"required name=search_term_string"}],"inLanguage":"en-US"}]}},"_links":{"self":[{"href":"https:\/\/intras.cz\/en\/wp-json\/wp\/v2\/pages\/23","targetHints":{"allow":["GET"]}}],"collection":[{"href":"https:\/\/intras.cz\/en\/wp-json\/wp\/v2\/pages"}],"about":[{"href":"https:\/\/intras.cz\/en\/wp-json\/wp\/v2\/types\/page"}],"author":[{"embeddable":true,"href":"https:\/\/intras.cz\/en\/wp-json\/wp\/v2\/users\/1"}],"replies":[{"embeddable":true,"href":"https:\/\/intras.cz\/en\/wp-json\/wp\/v2\/comments?post=23"}],"version-history":[{"count":15,"href":"https:\/\/intras.cz\/en\/wp-json\/wp\/v2\/pages\/23\/revisions"}],"predecessor-version":[{"id":1129,"href":"https:\/\/intras.cz\/en\/wp-json\/wp\/v2\/pages\/23\/revisions\/1129"}],"wp:attachment":[{"href":"https:\/\/intras.cz\/en\/wp-json\/wp\/v2\/media?parent=23"}],"curies":[{"name":"wp","href":"https:\/\/api.w.org\/{rel}","templated":true}]}}